{"id":2166,"date":"2018-05-28T02:03:19","date_gmt":"2018-05-28T00:03:19","guid":{"rendered":"http:\/\/agriculturayensayo.com\/ayewebpage\/?page_id=2166"},"modified":"2018-08-24T12:19:23","modified_gmt":"2018-08-24T10:19:23","slug":"why-to-choose-us-2","status":"publish","type":"page","link":"https:\/\/www.agriculturayensayo.com\/ayewebpage\/why-to-choose-us-2\/","title":{"rendered":"Why to choose us antigua"},"content":{"rendered":"[vc_row gap=&#8221;35&#8243;][vc_column][vc_single_image image=&#8221;126&#8243; img_size=&#8221;large&#8221;][vc_column_text css=&#8221;.vc_custom_1527361826475{padding-top: 50px !important;padding-bottom: 50px !important;}&#8221;]\n<h2 style=\"text-align: center;\">We can provide any type of services related to field trials both nationally or internationally wise due to our partnering with several independent CRO\u00b4s across Europe.\u00a0<strong>We are members of Rhizome<\/strong>, an European independent CRO\u00b4s network.<\/h2>\n[\/vc_column_text][\/vc_column][\/vc_row]\n<h2 style=\"text-align: center;\">Why to choose us<\/h2>\n[vc_separator color=&#8221;green&#8221; el_width=&#8221;20&#8243;][vc_row gap=&#8221;35&#8243; css=&#8221;.vc_custom_1528352820797{padding-top: 0px !important;padding-right: 40px !important;padding-bottom: 0px !important;padding-left: 40px !important;}&#8221;][vc_column width=&#8221;1\/2&#8243; css=&#8221;.vc_custom_1528359864765{margin-top: 10px !important;margin-right: 40px !important;margin-bottom: 0px !important;margin-left: 40px !important;padding-top: 40px !important;padding-right: 40px !important;padding-bottom: 40px !important;padding-left: 40px !important;}&#8221;][vc_column_text]\n<h3 style=\"text-align: center;\">European and Spanish Registration<\/h3>\n[\/vc_column_text][vc_single_image image=&#8221;2324&#8243; img_size=&#8221;500&#215;200&#8243; css=&#8221;.vc_custom_1528311011825{margin-bottom: 0px !important;border-bottom-width: 0px !important;padding-bottom: 0px !important;}&#8221;][vc_column_text css=&#8221;.vc_custom_1528353716277{padding-top: 10px !important;padding-right: 10px !important;padding-bottom: 0px !important;padding-left: 10px !important;}&#8221;]\n<ul>\n<li>Providing our ample experience for European and Spanish Registration of technical products for agriculture (plant protection products, growth regulators, adjuvants fertilizers and correctors) since 1994.<\/li>\n<li>Qualified to carry out all types of GEP trials with all kind of Plant Product Protection.<\/li>\n<li>We are officially recognised by The Spanish Ministry of Agriculture, Food, Fisheries and Environment (EOR n\u00ba45\/00) and by The Portuguese Ministry of Agriculture, Sea, Environment and Spatial Planning (Dire\u00e7\u00e3o-Geral de Alimenta\u00e7\u00e3o e Veterin\u00e1ria (DGAV) OOR n\u00ba25) to conduct studies for product registration purposes.<\/li>\n<\/ul>\n[\/vc_column_text][\/vc_column][vc_column width=&#8221;1\/2&#8243; css=&#8221;.vc_custom_1528359872940{margin-top: 10px !important;margin-right: 40px !important;margin-bottom: 0px !important;margin-left: 40px !important;padding-top: 40px !important;padding-right: 40px !important;padding-bottom: 40px !important;padding-left: 40px !important;}&#8221;][vc_column_text]\n<h3 style=\"text-align: center;\">Over 20 years experience<\/h3>\n[\/vc_column_text][vc_single_image image=&#8221;2079&#8243; img_size=&#8221;500&#215;200&#8243; css=&#8221;.vc_custom_1527381514094{margin-bottom: 0px !important;border-bottom-width: 0px !important;padding-bottom: 0px !important;}&#8221;][vc_column_text css=&#8221;.vc_custom_1528353149206{padding-top: 10px !important;padding-right: 10px !important;padding-bottom: 0px !important;padding-left: 10px !important;}&#8221;]Over 20 years experience developing agrochemical products trials on a large crop variety:<\/p>\n<ul>\n<li>Grapes, Cereal, Maize, Rice, Sugar Beet, Sunflower, Cotton, Potato.<\/li>\n<li>Vegetables: open field, tunnel, and greenhouse.<\/li>\n<li>Stone fruit trees, Pomes fruit trees, Olive trees, and Citrus.<\/li>\n<li>Minor crops: lawn and cut flower<\/li>\n<\/ul>\n[\/vc_column_text][\/vc_column][\/vc_row][vc_row gap=&#8221;35&#8243; css=&#8221;.vc_custom_1528352725224{padding-right: 40px !important;padding-left: 40px !important;}&#8221;][vc_column width=&#8221;1\/2&#8243; css=&#8221;.vc_custom_1528353198855{margin-top: 0px !important;margin-right: 40px !important;margin-bottom: 0px !important;margin-left: 40px !important;padding-top: 40px !important;padding-right: 40px !important;padding-bottom: 40px !important;padding-left: 40px !important;}&#8221;][vc_column_text]\n<h3 style=\"text-align: center;\">National Accreditation Authority<\/h3>\n[\/vc_column_text][vc_single_image image=&#8221;2080&#8243; img_size=&#8221;500&#215;200&#8243; css=&#8221;.vc_custom_1527381546023{margin-bottom: 0px !important;border-bottom-width: 0px !important;padding-bottom: 0px !important;}&#8221;][vc_column_text css=&#8221;.vc_custom_1528353101798{padding-top: 10px !important;padding-right: 10px !important;padding-bottom: 10px !important;padding-left: 10px !important;}&#8221;]Accredited by National Accreditation Authority \u2018ENAC\u2019 (BPL20) since 2001.<\/p>\n<p>To conduct studies following GLP (Good Laboratory Practices) Guidelines in the following areas:<\/p>\n<ul>\n<li>Effects on non target organisms (4)<\/li>\n<li>Residues (6)<\/li>\n<li>Worker exposure (9)<\/li>\n<\/ul>\n[\/vc_column_text][\/vc_column][vc_column width=&#8221;1\/2&#8243; css=&#8221;.vc_custom_1528353190195{margin-top: 0px !important;margin-right: 40px !important;margin-bottom: 0px !important;margin-left: 40px !important;padding-top: 40px !important;padding-right: 40px !important;padding-bottom: 40px !important;padding-left: 40px !important;}&#8221;][vc_column_text]\n<h3 style=\"text-align: center;\">Most up-to-date equipment<\/h3>\n[\/vc_column_text][vc_single_image image=&#8221;2081&#8243; img_size=&#8221;500&#215;200&#8243; css=&#8221;.vc_custom_1527381652002{margin-bottom: 0px !important;border-bottom-width: 0px !important;padding-bottom: 0px !important;}&#8221;][vc_column_text css=&#8221;.vc_custom_1528353109989{padding-top: 10px !important;padding-right: 10px !important;padding-bottom: 10px !important;padding-left: 10px !important;}&#8221;]We are provided with the most up-to-date equipment for field trials:<\/p>\n<ul>\n<li>Motorized backpack sprayers<\/li>\n<li>Knapsack atomizers<\/li>\n<li>Sowing equipment<\/li>\n<li>Granule applicators<\/li>\n<li>Drip applications<\/li>\n<li>Bait application<\/li>\n<\/ul>\n[\/vc_column_text][\/vc_column][\/vc_row][vc_row full_width=&#8221;stretch_row&#8221; css=&#8221;.vc_custom_1527542510634{margin-top: 20px !important;background-color: #edffc4 !important;}&#8221;][vc_column css=&#8221;.vc_custom_1527261058899{padding-top: 50px !important;padding-bottom: 40px !important;}&#8221;][vc_column_text]\n<h2 style=\"text-align: center;\"><span style=\"color: #000000;\">Let\u00b4s talk?<\/span><\/h2>\n[\/vc_column_text][vc_btn title=&#8221;Contact us today&#8221; style=&#8221;classic&#8221; color=&#8221;green&#8221; size=&#8221;lg&#8221; align=&#8221;center&#8221; link=&#8221;url:http%3A%2F%2Fagriculturayensayo.com%2Fcontact%2F|||&#8221;][\/vc_column][\/vc_row]\n","protected":false},"excerpt":{"rendered":"<p>[vc_row gap=&#8221;35&#8243;][vc_column][vc_single_image image=&#8221;126&#8243; img_size=&#8221;large&#8221;][vc_column_text css=&#8221;.vc_custom_1527361826475{padding-top: 50px !important;padding-bottom: 50px !important;}&#8221;] We can provide any type of services related to field trials both nationally or internationally wise due to our partnering with several independent CRO\u00b4s across Europe.\u00a0We are members of Rhizome, an European independent CRO\u00b4s network. [\/vc_column_text][\/vc_column][\/vc_row] Why to choose us [vc_separator color=&#8221;green&#8221; el_width=&#8221;20&#8243;][vc_row gap=&#8221;35&#8243; css=&#8221;.vc_custom_1528352820797{padding-top: 0px [&hellip;]<\/p>\n","protected":false},"author":3,"featured_media":0,"parent":0,"menu_order":0,"comment_status":"closed","ping_status":"closed","template":"","meta":[],"yoast_head":"<!-- This site is optimized with the Yoast SEO plugin v14.5 - https:\/\/yoast.com\/wordpress\/plugins\/seo\/ -->\n<title>Why to choose us antigua | Agricultura y Ensayo<\/title>\n<meta name=\"robots\" content=\"index, follow\" \/>\n<meta name=\"googlebot\" content=\"index, follow, max-snippet:-1, max-image-preview:large, max-video-preview:-1\" \/>\n<meta name=\"bingbot\" content=\"index, follow, max-snippet:-1, max-image-preview:large, max-video-preview:-1\" \/>\n<link rel=\"canonical\" href=\"https:\/\/www.agriculturayensayo.com\/ayewebpage\/why-to-choose-us-2\/\" \/>\n<meta property=\"og:locale\" content=\"en_US\" \/>\n<meta property=\"og:type\" content=\"article\" \/>\n<meta property=\"og:title\" content=\"Why to choose us antigua | Agricultura y Ensayo\" \/>\n<meta property=\"og:description\" content=\"[vc_row gap=&#8221;35&#8243;][vc_column][vc_single_image image=&#8221;126&#8243; img_size=&#8221;large&#8221;][vc_column_text css=&#8221;.vc_custom_1527361826475{padding-top: 50px !important;padding-bottom: 50px !important;}&#8221;] We can provide any type of services related to field trials both nationally or internationally wise due to our partnering with several independent CRO\u00b4s across Europe.\u00a0We are members of Rhizome, an European independent CRO\u00b4s network. [\/vc_column_text][\/vc_column][\/vc_row] Why to choose us [vc_separator color=&#8221;green&#8221; el_width=&#8221;20&#8243;][vc_row gap=&#8221;35&#8243; css=&#8221;.vc_custom_1528352820797{padding-top: 0px [&hellip;]\" \/>\n<meta property=\"og:url\" content=\"https:\/\/www.agriculturayensayo.com\/ayewebpage\/why-to-choose-us-2\/\" \/>\n<meta property=\"og:site_name\" content=\"Agricultura y Ensayo\" \/>\n<meta property=\"article:publisher\" content=\"https:\/\/www.facebook.com\/AgriculturayEnsayo\/\" \/>\n<meta property=\"article:modified_time\" content=\"2018-08-24T10:19:23+00:00\" \/>\n<meta name=\"twitter:card\" content=\"summary_large_image\" \/>\n<script type=\"application\/ld+json\" class=\"yoast-schema-graph\">{\"@context\":\"https:\/\/schema.org\",\"@graph\":[{\"@type\":\"WebSite\",\"@id\":\"https:\/\/www.agriculturayensayo.com\/ayewebpage\/#website\",\"url\":\"https:\/\/www.agriculturayensayo.com\/ayewebpage\/\",\"name\":\"Agricultura y Ensayo\",\"description\":\"Research and Development (R+D) of agrochemical products\",\"potentialAction\":[{\"@type\":\"SearchAction\",\"target\":\"https:\/\/www.agriculturayensayo.com\/ayewebpage\/?s={search_term_string}\",\"query-input\":\"required name=search_term_string\"}],\"inLanguage\":\"en-US\"},{\"@type\":\"WebPage\",\"@id\":\"https:\/\/www.agriculturayensayo.com\/ayewebpage\/why-to-choose-us-2\/#webpage\",\"url\":\"https:\/\/www.agriculturayensayo.com\/ayewebpage\/why-to-choose-us-2\/\",\"name\":\"Why to choose us antigua | Agricultura y Ensayo\",\"isPartOf\":{\"@id\":\"https:\/\/www.agriculturayensayo.com\/ayewebpage\/#website\"},\"datePublished\":\"2018-05-28T00:03:19+00:00\",\"dateModified\":\"2018-08-24T10:19:23+00:00\",\"inLanguage\":\"en-US\",\"potentialAction\":[{\"@type\":\"ReadAction\",\"target\":[\"https:\/\/www.agriculturayensayo.com\/ayewebpage\/why-to-choose-us-2\/\"]}]}]}<\/script>\n<!-- \/ Yoast SEO plugin. -->","_links":{"self":[{"href":"https:\/\/www.agriculturayensayo.com\/ayewebpage\/wp-json\/wp\/v2\/pages\/2166"}],"collection":[{"href":"https:\/\/www.agriculturayensayo.com\/ayewebpage\/wp-json\/wp\/v2\/pages"}],"about":[{"href":"https:\/\/www.agriculturayensayo.com\/ayewebpage\/wp-json\/wp\/v2\/types\/page"}],"author":[{"embeddable":true,"href":"https:\/\/www.agriculturayensayo.com\/ayewebpage\/wp-json\/wp\/v2\/users\/3"}],"replies":[{"embeddable":true,"href":"https:\/\/www.agriculturayensayo.com\/ayewebpage\/wp-json\/wp\/v2\/comments?post=2166"}],"version-history":[{"count":11,"href":"https:\/\/www.agriculturayensayo.com\/ayewebpage\/wp-json\/wp\/v2\/pages\/2166\/revisions"}],"predecessor-version":[{"id":2919,"href":"https:\/\/www.agriculturayensayo.com\/ayewebpage\/wp-json\/wp\/v2\/pages\/2166\/revisions\/2919"}],"wp:attachment":[{"href":"https:\/\/www.agriculturayensayo.com\/ayewebpage\/wp-json\/wp\/v2\/media?parent=2166"}],"curies":[{"name":"wp","href":"https:\/\/api.w.org\/{rel}","templated":true}]}}