{"id":2188,"date":"2018-05-28T21:21:28","date_gmt":"2018-05-28T19:21:28","guid":{"rendered":"http:\/\/agriculturayensayo.com\/ayewebpage\/?page_id=2188"},"modified":"2020-05-07T10:35:09","modified_gmt":"2020-05-07T08:35:09","slug":"services-aye","status":"publish","type":"page","link":"https:\/\/www.agriculturayensayo.com\/ayewebpage\/services-aye\/","title":{"rendered":"Services"},"content":{"rendered":"[vc_row full_width=&#8221;stretch_row_content_no_spaces&#8221;][vc_column][vc_single_image image=&#8221;2627&#8243; img_size=&#8221;full&#8221; alignment=&#8221;center&#8221;][\/vc_column][\/vc_row][vc_row][vc_column][vc_column_text]\n<h1 style=\"text-align: center;\">Services<\/h1>\n[\/vc_column_text][\/vc_column][\/vc_row][vc_row][vc_column][vc_column_text]\n<h2 style=\"text-align: center;\"><span style=\"font-weight: 400;\">AyE provides the most innovative solutions for PPP specialized companies within the Research and Development processes of their products. <\/span><\/h2>\n[\/vc_column_text][vc_separator color=&#8221;green&#8221; el_width=&#8221;20&#8243;][\/vc_column][\/vc_row][vc_row css=&#8221;.vc_custom_1527542242448{padding-top: 20px !important;padding-bottom: 20px !important;}&#8221;][vc_column][vc_column_text]\n<h2 style=\"text-align: center;\"><span style=\"font-weight: 400;\">Our services<\/span><\/h2>\n[\/vc_column_text][vc_separator color=&#8221;green&#8221; el_width=&#8221;20&#8243;][\/vc_column][\/vc_row][vc_row gap=&#8221;30&#8243; css=&#8221;.vc_custom_1528284675175{margin-bottom: 50px !important;padding-right: 0px !important;padding-left: 0px !important;}&#8221;][vc_column width=&#8221;1\/3&#8243;][vc_cta h2=&#8221;FIELD TRIALS&#8221; txt_align=&#8221;center&#8221; shape=&#8221;square&#8221; style=&#8221;flat&#8221; color=&#8221;grey&#8221; add_icon=&#8221;top&#8221; i_icon_fontawesome=&#8221;fa fa-leaf&#8221; i_color=&#8221;grey&#8221; i_background_style=&#8221;rounded&#8221; i_background_color=&#8221;custom&#8221; i_size=&#8221;lg&#8221; i_on_border=&#8221;true&#8221; i_custom_background_color=&#8221;#7cb812&#8243;]\n<p style=\"line-height: 1.5; color: #000000;\">Plant protection products (GEP &amp; GLP) and seeds studies.<\/p>\n<hr \/>\n<p style=\"text-align: left;\"><p class=\"center\"><a  href=\"\/ayewebpage\/services-aye\/field-trials\/\" data-btn-bg=\"#2b2b2b\" data-btn-hoverBg=\"#7c7c7c\" data-btn-color=\"#ffffff\" data-btn-hoverColor=\"#f5f5f5\" style=\"background-color:#2b2b2b; color:#ffffff;\" class=\"btn center large    rounded\"><span class=\"btn-details\"><span class=\"btn-text\"><strong>Learn More<\/strong><span class=\"btn-sub-text\"><\/span><\/span><\/span><\/a><\/p>\n[\/vc_cta][\/vc_column][vc_column width=&#8221;1\/3&#8243;][vc_cta h2=&#8221;LAB SERVICES&#8221; txt_align=&#8221;center&#8221; shape=&#8221;square&#8221; style=&#8221;flat&#8221; color=&#8221;grey&#8221; add_icon=&#8221;top&#8221; i_icon_fontawesome=&#8221;fa fa-flask&#8221; i_color=&#8221;grey&#8221; i_background_style=&#8221;rounded&#8221; i_background_color=&#8221;custom&#8221; i_size=&#8221;lg&#8221; i_on_border=&#8221;true&#8221; i_custom_background_color=&#8221;#7cb812&#8243;]\n<p style=\"line-height: 1.5; color: #000000;\">We provide laboratory services mainly supporting plant protection.<\/p>\n<hr \/>\n<p style=\"text-align: left;\"><p class=\"center\"><a  href=\"\/ayewebpage\/services-aye\/lab-services\/\" data-btn-bg=\"#2b2b2b\" data-btn-hoverBg=\"#7c7c7c\" data-btn-color=\"#ffffff\" data-btn-hoverColor=\"#f5f5f5\" style=\"background-color:#2b2b2b; color:#ffffff;\" class=\"btn center large    rounded\"><span class=\"btn-details\"><span class=\"btn-text\"><strong>Learn More<\/strong><span class=\"btn-sub-text\"><\/span><\/span><\/span><\/a><\/p>\n[\/vc_cta][\/vc_column][vc_column width=&#8221;1\/3&#8243;][vc_cta h2=&#8221;SOFTWARE SOLUTIONS&#8221; txt_align=&#8221;center&#8221; shape=&#8221;square&#8221; style=&#8221;flat&#8221; color=&#8221;grey&#8221; add_icon=&#8221;top&#8221; i_icon_fontawesome=&#8221;fa fa-desktop&#8221; i_color=&#8221;grey&#8221; i_background_style=&#8221;rounded&#8221; i_background_color=&#8221;custom&#8221; i_size=&#8221;lg&#8221; i_on_border=&#8221;true&#8221; i_custom_background_color=&#8221;#7cb812&#8243;]\n<p style=\"line-height: 1.5; color: #000000;\">We provide innovative software solutions to\u00a0optimize the trial management processes.<\/p>\n<hr \/>\n<p style=\"text-align: left;\"><p class=\"center\"><a  href=\"\/ayewebpage\/services-aye\/software-solutions\" data-btn-bg=\"#2b2b2b\" data-btn-hoverBg=\"#7c7c7c\" data-btn-color=\"#ffffff\" data-btn-hoverColor=\"#f5f5f5\" style=\"background-color:#2b2b2b; color:#ffffff;\" class=\"btn center large    rounded\"><span class=\"btn-details\"><span class=\"btn-text\"><strong>Learn More<\/strong><span class=\"btn-sub-text\"><\/span><\/span><\/span><\/a><\/p>\n[\/vc_cta][\/vc_column][\/vc_row][vc_row][vc_column][vc_column_text]\n<h2 style=\"text-align: center;\">Why to choose us<\/h2>\n[\/vc_column_text][vc_separator color=&#8221;green&#8221; el_width=&#8221;20&#8243;][\/vc_column][\/vc_row][vc_row gap=&#8221;35&#8243; css=&#8221;.vc_custom_1530602928342{padding-top: 0px !important;padding-right: 40px !important;padding-bottom: 0px !important;padding-left: 40px !important;}&#8221;][vc_column width=&#8221;1\/2&#8243; css=&#8221;.vc_custom_1528359864765{margin-top: 10px !important;margin-right: 40px !important;margin-bottom: 0px !important;margin-left: 40px !important;padding-top: 40px !important;padding-right: 40px !important;padding-bottom: 40px !important;padding-left: 40px !important;}&#8221;][vc_column_text]\n<h3 style=\"text-align: center;\">Over 20 years experience<\/h3>\n[\/vc_column_text][vc_single_image image=&#8221;2555&#8243; img_size=&#8221;500&#215;200&#8243; css=&#8221;.vc_custom_1530183150831{margin-bottom: 0px !important;border-bottom-width: 0px !important;padding-bottom: 0px !important;}&#8221;][vc_column_text css=&#8221;.vc_custom_1530183129778{padding-top: 10px !important;padding-right: 10px !important;padding-bottom: 0px !important;padding-left: 10px !important;}&#8221;]Over 20 years providing innovative solutions to common problems.<\/p>\n<p>Providing our ample experience for European and Spanish Registration of technical products for agriculture (plant protection products, growth regulators, adjuvants fertilizers and correctors) since 1994.[\/vc_column_text][\/vc_column][vc_column width=&#8221;1\/2&#8243; css=&#8221;.vc_custom_1528359872940{margin-top: 10px !important;margin-right: 40px !important;margin-bottom: 0px !important;margin-left: 40px !important;padding-top: 40px !important;padding-right: 40px !important;padding-bottom: 40px !important;padding-left: 40px !important;}&#8221;][vc_column_text]\n<h3 style=\"text-align: center;\">Accreditations<\/h3>\n[\/vc_column_text][vc_single_image image=&#8221;2801&#8243; img_size=&#8221;500&#215;200&#8243; css=&#8221;.vc_custom_1535021962805{margin-bottom: 0px !important;border-bottom-width: 0px !important;padding-bottom: 0px !important;}&#8221;][vc_column_text css=&#8221;.vc_custom_1530183234493{padding-top: 10px !important;padding-right: 10px !important;padding-bottom: 0px !important;padding-left: 10px !important;}&#8221;]Accredited by National Accreditation Authority `ENAC\u00b4 (BPL20) since 2001. To conduct studies following GLP Guideliness in the following areas: effects on non target organisms, residues and worker exposure.<\/p>\n<p>We are officially recognised by The Spanish Ministry of Agriculture, Food, Fisheries and Environment (EOR n\u00ba45) and by The Portuguese Ministry of Agriculture, Sea, Environment and Spatial Planning (Dire\u00e7\u00e3o-Geral de Alimenta\u00e7\u00e3o e Veterin\u00e1ria (DGAV) OOR n\u00ba25) to conduct studies for product registration purposes.<span style=\"font-size: 11pt; white-space: pre-wrap; color: #000000; font-family: Calibri; font-style: normal; font-variant-caps: normal; font-variant-ligatures: normal; font-weight: 400; text-decoration: none; line-height: 1.295; -en-paragraph: true;\">\u00a0<\/span>[\/vc_column_text][\/vc_column][\/vc_row][vc_row gap=&#8221;35&#8243; css=&#8221;.vc_custom_1530602937252{padding-right: 40px !important;padding-left: 40px !important;}&#8221;][vc_column width=&#8221;1\/2&#8243; css=&#8221;.vc_custom_1528353198855{margin-top: 0px !important;margin-right: 40px !important;margin-bottom: 0px !important;margin-left: 40px !important;padding-top: 40px !important;padding-right: 40px !important;padding-bottom: 40px !important;padding-left: 40px !important;}&#8221;][vc_column_text]\n<h3 style=\"text-align: center;\">Presence in all Europe through CRO\u00b4s and partners<\/h3>\n[\/vc_column_text][vc_single_image image=&#8221;2376&#8243; img_size=&#8221;500&#215;200&#8243; css=&#8221;.vc_custom_1530183775517{margin-bottom: 0px !important;border-bottom-width: 0px !important;padding-bottom: 0px !important;}&#8221;][vc_column_text css=&#8221;.vc_custom_1530183694608{padding-top: 10px !important;padding-right: 10px !important;padding-bottom: 10px !important;padding-left: 10px !important;}&#8221;]Since 2004 Agricultura y Ensayo S.L carries out multisites studies all over Europe in collaboration with several partnerships; Belgium, France, Germany, Greece, Italy, Poland, The Netherlands, United Kingdom, Austria, Hungary and Spain.[\/vc_column_text][\/vc_column][vc_column width=&#8221;1\/2&#8243; css=&#8221;.vc_custom_1528353190195{margin-top: 0px !important;margin-right: 40px !important;margin-bottom: 0px !important;margin-left: 40px !important;padding-top: 40px !important;padding-right: 40px !important;padding-bottom: 40px !important;padding-left: 40px !important;}&#8221;][vc_column_text]\n<h3 style=\"text-align: center;\">Most up-to-date<br \/>\nequipment<\/h3>\n[\/vc_column_text][vc_single_image image=&#8221;2737&#8243; img_size=&#8221;500&#215;200&#8243; alignment=&#8221;center&#8221; css=&#8221;.vc_custom_1531931626441{margin-bottom: 0px !important;border-bottom-width: 0px !important;padding-bottom: 0px !important;}&#8221;][vc_column_text css=&#8221;.vc_custom_1532015806855{padding-top: 10px !important;padding-right: 10px !important;padding-bottom: 10px !important;padding-left: 10px !important;}&#8221;]We are provided with the most up-to-date equipment for field trials:<\/p>\n<ul>\n<li>Trial application equipment<\/li>\n<li>Equipment for sowing and harvesting with seed studies<\/li>\n<li>Laboratory equipment<\/li>\n<\/ul>\n[\/vc_column_text][\/vc_column][\/vc_row][vc_row full_width=&#8221;stretch_row&#8221; css=&#8221;.vc_custom_1528280753839{margin-top: 0px !important;margin-bottom: 0px !important;border-top-width: 0px !important;border-bottom-width: 0px !important;padding-top: 0px !important;padding-bottom: 0px !important;background-color: #6dab3c !important;}&#8221;][vc_column css=&#8221;.vc_custom_1528359249760{padding-top: 30px !important;padding-bottom: 30px !important;}&#8221;][vc_column_text css=&#8221;.vc_custom_1528453484298{margin-top: 0px !important;margin-bottom: 0px !important;border-top-width: 0px !important;border-bottom-width: 0px !important;padding-top: 0px !important;padding-bottom: 0px !important;}&#8221;]\n<h3 style=\"text-align: center;\"><span style=\"color: #ffffff;\">Let&#8217;s Talk<\/span><\/h3>\n[\/vc_column_text][vc_btn title=&#8221;Contact us today&#8221; style=&#8221;classic&#8221; color=&#8221;black&#8221; size=&#8221;lg&#8221; align=&#8221;center&#8221; link=&#8221;url:%2Fayewebpage%2Fcontact%2F|||&#8221; css=&#8221;.vc_custom_1534512641178{margin-top: 0px !important;margin-bottom: 0px !important;border-top-width: 0px !important;border-bottom-width: 0px !important;padding-top: 10px !important;padding-bottom: 0px !important;}&#8221;][\/vc_column][\/vc_row]\n","protected":false},"excerpt":{"rendered":"<p>[vc_row full_width=&#8221;stretch_row_content_no_spaces&#8221;][vc_column][vc_single_image image=&#8221;2627&#8243; img_size=&#8221;full&#8221; alignment=&#8221;center&#8221;][\/vc_column][\/vc_row][vc_row][vc_column][vc_column_text] Services [\/vc_column_text][\/vc_column][\/vc_row][vc_row][vc_column][vc_column_text] AyE provides the most innovative solutions for PPP specialized companies within the Research and Development processes of their products. [\/vc_column_text][vc_separator color=&#8221;green&#8221; el_width=&#8221;20&#8243;][\/vc_column][\/vc_row][vc_row css=&#8221;.vc_custom_1527542242448{padding-top: 20px !important;padding-bottom: 20px !important;}&#8221;][vc_column][vc_column_text] Our services [\/vc_column_text][vc_separator color=&#8221;green&#8221; el_width=&#8221;20&#8243;][\/vc_column][\/vc_row][vc_row gap=&#8221;30&#8243; css=&#8221;.vc_custom_1528284675175{margin-bottom: 50px !important;padding-right: 0px !important;padding-left: 0px !important;}&#8221;][vc_column width=&#8221;1\/3&#8243;][vc_cta h2=&#8221;FIELD TRIALS&#8221; txt_align=&#8221;center&#8221; shape=&#8221;square&#8221; style=&#8221;flat&#8221; color=&#8221;grey&#8221; add_icon=&#8221;top&#8221; [&hellip;]<\/p>\n","protected":false},"author":3,"featured_media":0,"parent":0,"menu_order":0,"comment_status":"closed","ping_status":"closed","template":"","meta":[],"yoast_head":"<!-- This site is optimized with the Yoast SEO plugin v14.5 - https:\/\/yoast.com\/wordpress\/plugins\/seo\/ -->\n<title>Services | Agricultura y Ensayo<\/title>\n<meta name=\"robots\" content=\"index, follow\" \/>\n<meta name=\"googlebot\" content=\"index, follow, max-snippet:-1, max-image-preview:large, max-video-preview:-1\" \/>\n<meta name=\"bingbot\" content=\"index, follow, max-snippet:-1, max-image-preview:large, max-video-preview:-1\" \/>\n<link rel=\"canonical\" href=\"https:\/\/www.agriculturayensayo.com\/ayewebpage\/services-aye\/\" \/>\n<meta property=\"og:locale\" content=\"en_US\" \/>\n<meta property=\"og:type\" content=\"article\" \/>\n<meta property=\"og:title\" content=\"Services | Agricultura y Ensayo\" \/>\n<meta property=\"og:description\" content=\"[vc_row full_width=&#8221;stretch_row_content_no_spaces&#8221;][vc_column][vc_single_image image=&#8221;2627&#8243; img_size=&#8221;full&#8221; alignment=&#8221;center&#8221;][\/vc_column][\/vc_row][vc_row][vc_column][vc_column_text] Services [\/vc_column_text][\/vc_column][\/vc_row][vc_row][vc_column][vc_column_text] AyE provides the most innovative solutions for PPP specialized companies within the Research and Development processes of their products. [\/vc_column_text][vc_separator color=&#8221;green&#8221; el_width=&#8221;20&#8243;][\/vc_column][\/vc_row][vc_row css=&#8221;.vc_custom_1527542242448{padding-top: 20px !important;padding-bottom: 20px !important;}&#8221;][vc_column][vc_column_text] Our services [\/vc_column_text][vc_separator color=&#8221;green&#8221; el_width=&#8221;20&#8243;][\/vc_column][\/vc_row][vc_row gap=&#8221;30&#8243; css=&#8221;.vc_custom_1528284675175{margin-bottom: 50px !important;padding-right: 0px !important;padding-left: 0px !important;}&#8221;][vc_column width=&#8221;1\/3&#8243;][vc_cta h2=&#8221;FIELD TRIALS&#8221; txt_align=&#8221;center&#8221; shape=&#8221;square&#8221; style=&#8221;flat&#8221; color=&#8221;grey&#8221; add_icon=&#8221;top&#8221; [&hellip;]\" \/>\n<meta property=\"og:url\" content=\"https:\/\/www.agriculturayensayo.com\/ayewebpage\/services-aye\/\" \/>\n<meta property=\"og:site_name\" content=\"Agricultura y Ensayo\" \/>\n<meta property=\"article:publisher\" content=\"https:\/\/www.facebook.com\/AgriculturayEnsayo\/\" \/>\n<meta property=\"article:modified_time\" content=\"2020-05-07T08:35:09+00:00\" \/>\n<meta name=\"twitter:card\" content=\"summary_large_image\" \/>\n<script type=\"application\/ld+json\" class=\"yoast-schema-graph\">{\"@context\":\"https:\/\/schema.org\",\"@graph\":[{\"@type\":\"WebSite\",\"@id\":\"https:\/\/www.agriculturayensayo.com\/ayewebpage\/#website\",\"url\":\"https:\/\/www.agriculturayensayo.com\/ayewebpage\/\",\"name\":\"Agricultura y Ensayo\",\"description\":\"Research and Development (R+D) of agrochemical products\",\"potentialAction\":[{\"@type\":\"SearchAction\",\"target\":\"https:\/\/www.agriculturayensayo.com\/ayewebpage\/?s={search_term_string}\",\"query-input\":\"required name=search_term_string\"}],\"inLanguage\":\"en-US\"},{\"@type\":\"WebPage\",\"@id\":\"https:\/\/www.agriculturayensayo.com\/ayewebpage\/services-aye\/#webpage\",\"url\":\"https:\/\/www.agriculturayensayo.com\/ayewebpage\/services-aye\/\",\"name\":\"Services | Agricultura y Ensayo\",\"isPartOf\":{\"@id\":\"https:\/\/www.agriculturayensayo.com\/ayewebpage\/#website\"},\"datePublished\":\"2018-05-28T19:21:28+00:00\",\"dateModified\":\"2020-05-07T08:35:09+00:00\",\"inLanguage\":\"en-US\",\"potentialAction\":[{\"@type\":\"ReadAction\",\"target\":[\"https:\/\/www.agriculturayensayo.com\/ayewebpage\/services-aye\/\"]}]}]}<\/script>\n<!-- \/ Yoast SEO plugin. -->","_links":{"self":[{"href":"https:\/\/www.agriculturayensayo.com\/ayewebpage\/wp-json\/wp\/v2\/pages\/2188"}],"collection":[{"href":"https:\/\/www.agriculturayensayo.com\/ayewebpage\/wp-json\/wp\/v2\/pages"}],"about":[{"href":"https:\/\/www.agriculturayensayo.com\/ayewebpage\/wp-json\/wp\/v2\/types\/page"}],"author":[{"embeddable":true,"href":"https:\/\/www.agriculturayensayo.com\/ayewebpage\/wp-json\/wp\/v2\/users\/3"}],"replies":[{"embeddable":true,"href":"https:\/\/www.agriculturayensayo.com\/ayewebpage\/wp-json\/wp\/v2\/comments?post=2188"}],"version-history":[{"count":114,"href":"https:\/\/www.agriculturayensayo.com\/ayewebpage\/wp-json\/wp\/v2\/pages\/2188\/revisions"}],"predecessor-version":[{"id":3659,"href":"https:\/\/www.agriculturayensayo.com\/ayewebpage\/wp-json\/wp\/v2\/pages\/2188\/revisions\/3659"}],"wp:attachment":[{"href":"https:\/\/www.agriculturayensayo.com\/ayewebpage\/wp-json\/wp\/v2\/media?parent=2188"}],"curies":[{"name":"wp","href":"https:\/\/api.w.org\/{rel}","templated":true}]}}