{"id":2898,"date":"2018-05-28T21:21:28","date_gmt":"2018-05-28T19:21:28","guid":{"rendered":"http:\/\/agriculturayensayo.com\/ayewebpage\/services-aye\/"},"modified":"2020-05-07T11:58:35","modified_gmt":"2020-05-07T09:58:35","slug":"servicios-aye","status":"publish","type":"page","link":"https:\/\/www.agriculturayensayo.com\/ayewebpage\/es\/servicios-aye\/","title":{"rendered":"Servicios"},"content":{"rendered":"[vc_row full_width=&#8221;stretch_row_content_no_spaces&#8221;][vc_column][vc_single_image image=&#8221;2627&#8243; img_size=&#8221;full&#8221; alignment=&#8221;center&#8221;][\/vc_column][\/vc_row][vc_row][vc_column][vc_column_text]\n<h1 style=\"text-align: center;\">Servicios<\/h1>\n[\/vc_column_text][\/vc_column][\/vc_row][vc_row][vc_column][vc_column_text]\n<h2 style=\"text-align: center;\"><span style=\"font-weight: 400;\">AyE proporciona las soluciones mas innovadoras para empresas fabricantes de PPP en la Investigaci\u00f3n y Desarrollo de sus productos.<\/span><\/h2>\n[\/vc_column_text][vc_separator color=&#8221;green&#8221; el_width=&#8221;20&#8243;][\/vc_column][\/vc_row][vc_row css=&#8221;.vc_custom_1527542242448{padding-top: 20px !important;padding-bottom: 20px !important;}&#8221;][vc_column][vc_column_text]\n<h2 style=\"text-align: center;\"><span style=\"font-weight: 400;\">Nuestros Servicios<\/span><\/h2>\n[\/vc_column_text][vc_separator color=&#8221;green&#8221; el_width=&#8221;20&#8243;][\/vc_column][\/vc_row][vc_row gap=&#8221;30&#8243; css=&#8221;.vc_custom_1528284675175{margin-bottom: 50px !important;padding-right: 0px !important;padding-left: 0px !important;}&#8221;][vc_column width=&#8221;1\/3&#8243;][vc_cta h2=&#8221;ENSAYOS DE CAMPO&#8221; txt_align=&#8221;center&#8221; shape=&#8221;square&#8221; style=&#8221;flat&#8221; color=&#8221;grey&#8221; add_icon=&#8221;top&#8221; i_icon_fontawesome=&#8221;fa fa-leaf&#8221; i_color=&#8221;grey&#8221; i_background_style=&#8221;rounded&#8221; i_background_color=&#8221;custom&#8221; i_size=&#8221;lg&#8221; i_on_border=&#8221;true&#8221; i_custom_background_color=&#8221;#7cb812&#8243;]\n<p style=\"line-height: 1.5; color: #000000;\">Plant protection products (GEP &amp; GLP) y estudios de semillas.<\/p>\n<hr \/>\n<p class=\"center\"><a  href=\"\/ayewebpage\/es\/ensayos-campos\/\" data-btn-bg=\"#2b2b2b\" data-btn-hoverBg=\"#7c7c7c\" data-btn-color=\"#ffffff\" data-btn-hoverColor=\"#f5f5f5\" style=\"background-color:#2b2b2b; color:#ffffff;\" class=\"btn center large    rounded\"><span class=\"btn-details\"><span class=\"btn-text\"><strong>Conoce m\u00e1s<\/strong><span class=\"btn-sub-text\"><\/span><\/span><\/span><\/a><\/p>\n[\/vc_cta][\/vc_column][vc_column width=&#8221;1\/3&#8243;][vc_cta h2=&#8221;LABORATORIO&#8221; txt_align=&#8221;center&#8221; shape=&#8221;square&#8221; style=&#8221;flat&#8221; color=&#8221;grey&#8221; add_icon=&#8221;top&#8221; i_icon_fontawesome=&#8221;fa fa-flask&#8221; i_color=&#8221;grey&#8221; i_background_style=&#8221;rounded&#8221; i_background_color=&#8221;custom&#8221; i_size=&#8221;lg&#8221; i_on_border=&#8221;true&#8221; i_custom_background_color=&#8221;#7cb812&#8243;]\n<p style=\"line-height: 1.5; color: #000000;\">Ofrecemos servicios de laboratorio en apoyo al desarrollo de PPP.<\/p>\n<hr \/>\n<p class=\"center\"><a  href=\"\/ayewebpage\/es\/laboratorios\/\" data-btn-bg=\"#2b2b2b\" data-btn-hoverBg=\"#7c7c7c\" data-btn-color=\"#ffffff\" data-btn-hoverColor=\"#f5f5f5\" style=\"background-color:#2b2b2b; color:#ffffff;\" class=\"btn center large    rounded\"><span class=\"btn-details\"><span class=\"btn-text\"><strong>Conoce m\u00e1s<\/strong><span class=\"btn-sub-text\"><\/span><\/span><\/span><\/a><\/p>\n[\/vc_cta][\/vc_column][vc_column width=&#8221;1\/3&#8243;][vc_cta h2=&#8221;SOFTWARE&#8221; txt_align=&#8221;center&#8221; shape=&#8221;square&#8221; style=&#8221;flat&#8221; color=&#8221;grey&#8221; add_icon=&#8221;top&#8221; i_icon_fontawesome=&#8221;fa fa-desktop&#8221; i_color=&#8221;grey&#8221; i_background_style=&#8221;rounded&#8221; i_background_color=&#8221;custom&#8221; i_size=&#8221;lg&#8221; i_on_border=&#8221;true&#8221; i_custom_background_color=&#8221;#7cb812&#8243;]\n<p style=\"line-height: 1.5; color: #000000;\">Ofrecemos soluciones software innovadoras que optimizan la gesti\u00f3n de los ensayos.<\/p>\n<hr \/>\n<p style=\"text-align: left;\"><p class=\"center\"><a  href=\"\/ayewebpage\/es\/softwares\/\" data-btn-bg=\"#2b2b2b\" data-btn-hoverBg=\"#7c7c7c\" data-btn-color=\"#ffffff\" data-btn-hoverColor=\"#f5f5f5\" style=\"background-color:#2b2b2b; color:#ffffff;\" class=\"btn center large    rounded\"><span class=\"btn-details\"><span class=\"btn-text\"><strong>Conoce m\u00e1s<\/strong><span class=\"btn-sub-text\"><\/span><\/span><\/span><\/a><\/p>\n[\/vc_cta][\/vc_column][\/vc_row][vc_row][vc_column][vc_column_text]\n<h2 style=\"text-align: center;\">Por qu\u00e9 elegirnos?<\/h2>\n[\/vc_column_text][vc_separator color=&#8221;green&#8221; el_width=&#8221;20&#8243;][\/vc_column][\/vc_row][vc_row gap=&#8221;35&#8243; css=&#8221;.vc_custom_1530602928342{padding-top: 0px !important;padding-right: 40px !important;padding-bottom: 0px !important;padding-left: 40px !important;}&#8221;][vc_column width=&#8221;1\/2&#8243; css=&#8221;.vc_custom_1528359864765{margin-top: 10px !important;margin-right: 40px !important;margin-bottom: 0px !important;margin-left: 40px !important;padding-top: 40px !important;padding-right: 40px !important;padding-bottom: 40px !important;padding-left: 40px !important;}&#8221;][vc_column_text]\n<h3 style=\"text-align: center;\">M\u00e1s de 20 a\u00f1os de experiencia<\/h3>\n[\/vc_column_text][vc_single_image image=&#8221;2555&#8243; img_size=&#8221;500&#215;200&#8243; css=&#8221;.vc_custom_1530183150831{margin-bottom: 0px !important;border-bottom-width: 0px !important;padding-bottom: 0px !important;}&#8221;][vc_column_text css=&#8221;.vc_custom_1530183129778{padding-top: 10px !important;padding-right: 10px !important;padding-bottom: 0px !important;padding-left: 10px !important;}&#8221;]M\u00e1s de 20 a\u00f1os proporcionando soluciones innovadoras a problemas comunes.<\/p>\n<p>Proporcionando nuestra amplia experiencia en el registro europeo y espa\u00f1ol de productos t\u00e9cnicos para la agricultura (productos fitosanitarios, reguladores del crecimiento, fertilizantes y correctores adyuvantes) desde 1994.[\/vc_column_text][\/vc_column][vc_column width=&#8221;1\/2&#8243; css=&#8221;.vc_custom_1528359872940{margin-top: 10px !important;margin-right: 40px !important;margin-bottom: 0px !important;margin-left: 40px !important;padding-top: 40px !important;padding-right: 40px !important;padding-bottom: 40px !important;padding-left: 40px !important;}&#8221;][vc_column_text]\n<h3 style=\"text-align: center;\">Acreditaciones<\/h3>\n[\/vc_column_text][vc_single_image image=&#8221;2801&#8243; img_size=&#8221;500&#215;200&#8243; css=&#8221;.vc_custom_1535021962805{margin-bottom: 0px !important;border-bottom-width: 0px !important;padding-bottom: 0px !important;}&#8221;][vc_column_text css=&#8221;.vc_custom_1530183234493{padding-top: 10px !important;padding-right: 10px !important;padding-bottom: 0px !important;padding-left: 10px !important;}&#8221;]Acreditado por la Autoridad Nacional de Acreditaci\u00f3n &#8220;ENAC&#8221; (BPL20) desde 2001. Para realizar estudios siguiendo las directrices de BPL en las siguientes \u00e1reas: efectos en organismos no objetivo, residuos y exposici\u00f3n de los trabajadores.<\/p>\n<p>Estamos oficialmente reconocidos por el Ministerio de Agricultura, Alimentaci\u00f3n, Pesca y Medio Ambiente (EOR n\u00ba 45) y por el Ministerio de Agricultura, Mar, Medio Ambiente y Ordenaci\u00f3n del Territorio de Portugal (Dire\u00e7\u00e3o-Geral de Alimenta\u00e7\u00e3o e Veterin\u00e1ria (DGAV) OOR n\u00ba25) para estudios para fines de registro de productos.<span style=\"font-size: 11pt; white-space: pre-wrap; color: #000000; font-family: Calibri; font-style: normal; font-variant-caps: normal; font-variant-ligatures: normal; font-weight: 400; text-decoration: none; line-height: 1.295; -en-paragraph: true;\">\u00a0<\/span>[\/vc_column_text][\/vc_column][\/vc_row][vc_row gap=&#8221;35&#8243; css=&#8221;.vc_custom_1530602937252{padding-right: 40px !important;padding-left: 40px !important;}&#8221;][vc_column width=&#8221;1\/2&#8243; css=&#8221;.vc_custom_1528353198855{margin-top: 0px !important;margin-right: 40px !important;margin-bottom: 0px !important;margin-left: 40px !important;padding-top: 40px !important;padding-right: 40px !important;padding-bottom: 40px !important;padding-left: 40px !important;}&#8221;][vc_column_text]\n<h3 style=\"text-align: center;\">Presencia en toda Europa a trav\u00e9s de CROs<\/h3>\n[\/vc_column_text][vc_single_image image=&#8221;2376&#8243; img_size=&#8221;500&#215;200&#8243; css=&#8221;.vc_custom_1530183775517{margin-bottom: 0px !important;border-bottom-width: 0px !important;padding-bottom: 0px !important;}&#8221;][vc_column_text css=&#8221;.vc_custom_1530183694608{padding-top: 10px !important;padding-right: 10px !important;padding-bottom: 10px !important;padding-left: 10px !important;}&#8221;]Desde 2004, Agricultura y Ensayo S.L realiza estudios multic\u00e9ntricos en toda Europa en colaboraci\u00f3n con varias socios; B\u00e9lgica, Francia, Alemania, Grecia, Italia, Polonia, Pa\u00edses Bajos, Reino Unido, Austria y Hungr\u00eda.[\/vc_column_text][\/vc_column][vc_column width=&#8221;1\/2&#8243; css=&#8221;.vc_custom_1528353190195{margin-top: 0px !important;margin-right: 40px !important;margin-bottom: 0px !important;margin-left: 40px !important;padding-top: 40px !important;padding-right: 40px !important;padding-bottom: 40px !important;padding-left: 40px !important;}&#8221;][vc_column_text]\n<h3 style=\"text-align: center;\">Los equipos m\u00e1s actuales<\/h3>\n[\/vc_column_text][vc_single_image image=&#8221;2737&#8243; img_size=&#8221;500&#215;200&#8243; alignment=&#8221;center&#8221; css=&#8221;.vc_custom_1531931626441{margin-bottom: 0px !important;border-bottom-width: 0px !important;padding-bottom: 0px !important;}&#8221;][vc_column_text css=&#8221;.vc_custom_1532015806855{padding-top: 10px !important;padding-right: 10px !important;padding-bottom: 10px !important;padding-left: 10px !important;}&#8221;]Contamos con el equipo m\u00e1s actualizado para ensayos de campo:<\/p>\n<ul>\n<li>Equipos de aplicaci\u00f3n para ensayos.<\/li>\n<li>Equipos para siembra y cosecha en estudios de semillas.<\/li>\n<li>Equipamiento de laboratorio.<\/li>\n<\/ul>\n[\/vc_column_text][\/vc_column][\/vc_row][vc_row full_width=&#8221;stretch_row&#8221; css=&#8221;.vc_custom_1528280753839{margin-top: 0px !important;margin-bottom: 0px !important;border-top-width: 0px !important;border-bottom-width: 0px !important;padding-top: 0px !important;padding-bottom: 0px !important;background-color: #6dab3c !important;}&#8221;][vc_column css=&#8221;.vc_custom_1528359249760{padding-top: 30px !important;padding-bottom: 30px !important;}&#8221;][vc_column_text css=&#8221;.vc_custom_1528453484298{margin-top: 0px !important;margin-bottom: 0px !important;border-top-width: 0px !important;border-bottom-width: 0px !important;padding-top: 0px !important;padding-bottom: 0px !important;}&#8221;]\n<h3 style=\"text-align: center;\"><span style=\"color: #ffffff;\">Cont\u00e1ctanos<\/span><\/h3>\n[\/vc_column_text][vc_btn title=&#8221;Contacta con nosotros&#8221; style=&#8221;classic&#8221; color=&#8221;black&#8221; size=&#8221;lg&#8221; align=&#8221;center&#8221; link=&#8221;url:http%3A%2F%2Fwww.agriculturayensayo.com%2Fayewebpage%2Fes%2Fcontacto%2F|&#8221; css=&#8221;.vc_custom_1534512641178{margin-top: 0px !important;margin-bottom: 0px !important;border-top-width: 0px !important;border-bottom-width: 0px !important;padding-top: 10px !important;padding-bottom: 0px !important;}&#8221;][\/vc_column][\/vc_row]\n","protected":false},"excerpt":{"rendered":"<p>[vc_row full_width=&#8221;stretch_row_content_no_spaces&#8221;][vc_column][vc_single_image image=&#8221;2627&#8243; img_size=&#8221;full&#8221; alignment=&#8221;center&#8221;][\/vc_column][\/vc_row][vc_row][vc_column][vc_column_text] Servicios [\/vc_column_text][\/vc_column][\/vc_row][vc_row][vc_column][vc_column_text] AyE proporciona las soluciones mas innovadoras para empresas fabricantes de PPP en la Investigaci\u00f3n y Desarrollo de sus productos. [\/vc_column_text][vc_separator color=&#8221;green&#8221; el_width=&#8221;20&#8243;][\/vc_column][\/vc_row][vc_row css=&#8221;.vc_custom_1527542242448{padding-top: 20px !important;padding-bottom: 20px !important;}&#8221;][vc_column][vc_column_text] Nuestros Servicios [\/vc_column_text][vc_separator color=&#8221;green&#8221; el_width=&#8221;20&#8243;][\/vc_column][\/vc_row][vc_row gap=&#8221;30&#8243; css=&#8221;.vc_custom_1528284675175{margin-bottom: 50px !important;padding-right: 0px !important;padding-left: 0px !important;}&#8221;][vc_column width=&#8221;1\/3&#8243;][vc_cta h2=&#8221;ENSAYOS DE CAMPO&#8221; txt_align=&#8221;center&#8221; shape=&#8221;square&#8221; style=&#8221;flat&#8221; color=&#8221;grey&#8221; [&hellip;]<\/p>\n","protected":false},"author":3,"featured_media":0,"parent":0,"menu_order":0,"comment_status":"closed","ping_status":"closed","template":"","meta":[],"yoast_head":"<!-- This site is optimized with the Yoast SEO plugin v14.5 - https:\/\/yoast.com\/wordpress\/plugins\/seo\/ -->\n<title>Servicios | Agricultura y Ensayo<\/title>\n<meta name=\"robots\" content=\"index, follow\" \/>\n<meta name=\"googlebot\" content=\"index, follow, max-snippet:-1, max-image-preview:large, max-video-preview:-1\" \/>\n<meta name=\"bingbot\" content=\"index, follow, max-snippet:-1, max-image-preview:large, max-video-preview:-1\" \/>\n<link rel=\"canonical\" href=\"https:\/\/www.agriculturayensayo.com\/ayewebpage\/es\/servicios-aye\/\" \/>\n<meta property=\"og:locale\" content=\"en_US\" \/>\n<meta property=\"og:type\" content=\"article\" \/>\n<meta property=\"og:title\" content=\"Servicios | Agricultura y Ensayo\" \/>\n<meta property=\"og:description\" content=\"[vc_row full_width=&#8221;stretch_row_content_no_spaces&#8221;][vc_column][vc_single_image image=&#8221;2627&#8243; img_size=&#8221;full&#8221; alignment=&#8221;center&#8221;][\/vc_column][\/vc_row][vc_row][vc_column][vc_column_text] Servicios [\/vc_column_text][\/vc_column][\/vc_row][vc_row][vc_column][vc_column_text] AyE proporciona las soluciones mas innovadoras para empresas fabricantes de PPP en la Investigaci\u00f3n y Desarrollo de sus productos. [\/vc_column_text][vc_separator color=&#8221;green&#8221; el_width=&#8221;20&#8243;][\/vc_column][\/vc_row][vc_row css=&#8221;.vc_custom_1527542242448{padding-top: 20px !important;padding-bottom: 20px !important;}&#8221;][vc_column][vc_column_text] Nuestros Servicios [\/vc_column_text][vc_separator color=&#8221;green&#8221; el_width=&#8221;20&#8243;][\/vc_column][\/vc_row][vc_row gap=&#8221;30&#8243; css=&#8221;.vc_custom_1528284675175{margin-bottom: 50px !important;padding-right: 0px !important;padding-left: 0px !important;}&#8221;][vc_column width=&#8221;1\/3&#8243;][vc_cta h2=&#8221;ENSAYOS DE CAMPO&#8221; txt_align=&#8221;center&#8221; shape=&#8221;square&#8221; style=&#8221;flat&#8221; color=&#8221;grey&#8221; [&hellip;]\" \/>\n<meta property=\"og:url\" content=\"https:\/\/www.agriculturayensayo.com\/ayewebpage\/es\/servicios-aye\/\" \/>\n<meta property=\"og:site_name\" content=\"Agricultura y Ensayo\" \/>\n<meta property=\"article:publisher\" content=\"https:\/\/www.facebook.com\/AgriculturayEnsayo\/\" \/>\n<meta property=\"article:modified_time\" content=\"2020-05-07T09:58:35+00:00\" \/>\n<meta name=\"twitter:card\" content=\"summary_large_image\" \/>\n<script type=\"application\/ld+json\" class=\"yoast-schema-graph\">{\"@context\":\"https:\/\/schema.org\",\"@graph\":[{\"@type\":\"WebSite\",\"@id\":\"https:\/\/www.agriculturayensayo.com\/ayewebpage\/#website\",\"url\":\"https:\/\/www.agriculturayensayo.com\/ayewebpage\/\",\"name\":\"Agricultura y Ensayo\",\"description\":\"Research and Development (R+D) of agrochemical products\",\"potentialAction\":[{\"@type\":\"SearchAction\",\"target\":\"https:\/\/www.agriculturayensayo.com\/ayewebpage\/?s={search_term_string}\",\"query-input\":\"required name=search_term_string\"}],\"inLanguage\":\"en-US\"},{\"@type\":\"WebPage\",\"@id\":\"https:\/\/www.agriculturayensayo.com\/ayewebpage\/es\/servicios-aye\/#webpage\",\"url\":\"https:\/\/www.agriculturayensayo.com\/ayewebpage\/es\/servicios-aye\/\",\"name\":\"Servicios | Agricultura y Ensayo\",\"isPartOf\":{\"@id\":\"https:\/\/www.agriculturayensayo.com\/ayewebpage\/#website\"},\"datePublished\":\"2018-05-28T19:21:28+00:00\",\"dateModified\":\"2020-05-07T09:58:35+00:00\",\"inLanguage\":\"en-US\",\"potentialAction\":[{\"@type\":\"ReadAction\",\"target\":[\"https:\/\/www.agriculturayensayo.com\/ayewebpage\/es\/servicios-aye\/\"]}]}]}<\/script>\n<!-- \/ Yoast SEO plugin. -->","_links":{"self":[{"href":"https:\/\/www.agriculturayensayo.com\/ayewebpage\/wp-json\/wp\/v2\/pages\/2898"}],"collection":[{"href":"https:\/\/www.agriculturayensayo.com\/ayewebpage\/wp-json\/wp\/v2\/pages"}],"about":[{"href":"https:\/\/www.agriculturayensayo.com\/ayewebpage\/wp-json\/wp\/v2\/types\/page"}],"author":[{"embeddable":true,"href":"https:\/\/www.agriculturayensayo.com\/ayewebpage\/wp-json\/wp\/v2\/users\/3"}],"replies":[{"embeddable":true,"href":"https:\/\/www.agriculturayensayo.com\/ayewebpage\/wp-json\/wp\/v2\/comments?post=2898"}],"version-history":[{"count":14,"href":"https:\/\/www.agriculturayensayo.com\/ayewebpage\/wp-json\/wp\/v2\/pages\/2898\/revisions"}],"predecessor-version":[{"id":3697,"href":"https:\/\/www.agriculturayensayo.com\/ayewebpage\/wp-json\/wp\/v2\/pages\/2898\/revisions\/3697"}],"wp:attachment":[{"href":"https:\/\/www.agriculturayensayo.com\/ayewebpage\/wp-json\/wp\/v2\/media?parent=2898"}],"curies":[{"name":"wp","href":"https:\/\/api.w.org\/{rel}","templated":true}]}}