{"id":3082,"date":"2018-09-05T10:26:08","date_gmt":"2018-09-05T08:26:08","guid":{"rendered":"http:\/\/agriculturayensayo.com\/ayewebpage\/?page_id=3082"},"modified":"2018-09-05T10:26:13","modified_gmt":"2018-09-05T08:26:13","slug":"politica-de-cookies","status":"publish","type":"page","link":"https:\/\/www.agriculturayensayo.com\/ayewebpage\/es\/politica-de-cookies\/","title":{"rendered":"Pol\u00edtica de cookies"},"content":{"rendered":"<div class=\"wpb_text_column wpb_content_element \">\n<div class=\"wpb_wrapper\">\n<h2>POL\u00cdTICA DE COOKIES<\/h2>\n<p>Las \u201ccookies\u201d son peque\u00f1as piezas de informaci\u00f3n que nos permiten reconocer a nuestros clientes e intentar darles la mejor experiencia de compra. Con ellas, por ejemplo, podemos identificar a los usuarios mientras realizan la compra y de esta forma, mantener los art\u00edculos elegidos en el carrito sin que tengan que ser comprados en el momento de su inclusi\u00f3n. Tambi\u00e9n para saber cu\u00e1ntas veces nos visitan.<\/p>\n<p>Los datos recabados por las cookies nos sirven para mejorar nuestro sitio Web y ofrecer al usuario un \u00f3ptimo servicio.<\/p>\n<p>Las cookies no contienen ning\u00fan tipo de informaci\u00f3n personal y la mayor\u00eda de los navegadores las aceptan autom\u00e1ticamente. En cualquier caso, si el usuario no desea ser reconocido es posible configurar el navegador para su no aceptaci\u00f3n, sin que ello suponga ning\u00fan impedimento para acceder a nuestra Web.<\/p>\n<p>Las cookies le ofrecen la posibilidad de aprovechar muchas de las funciones esenciales de azucenamanzanares.com.<\/p>\n<p>Para continuar sin cambios en la configuraci\u00f3n de las cookies, simplemente contin\u00fae en la p\u00e1gina web.<\/p>\n<h4><strong>Tipos de cookies de las que hacemos uso en nuestro sitio Web:<\/strong><\/h4>\n<p>\u2022<strong>Cookies t\u00e9cnicas<\/strong>: Permiten identificarle cuando se registra o autentica en nuestro sitio Web, ofrecerle recomendaciones de productos, mostrarle contenido personalizado, mantener un registro de los productos guardados en su cesta y permitirle consultar y gestionar sus pedidos.<\/p>\n<p>\u2022<strong>Cookies de personalizaci\u00f3n<\/strong>: Permiten personalizar las funciones o contenidos del sitio Web en funci\u00f3n de los datos obtenidos del navegador, como el idioma.<\/p>\n<p>\u2022<strong>Cookies de an\u00e1lisis<\/strong>: Usadas para recoger y mantener estad\u00edsticas de las visitas efectuadas azucenamanzanares.com, permiti\u00e9ndonos llevar a cabo an\u00e1lisis diagn\u00f3sticos para mejorar el contenido, los productos y los servicios. Destacamos principalmente las cookies generadas por el script de seguimiento de Google Analytics.<\/p>\n<p>\u2022<strong>Cookies publicitarias y de publicidad comportamental<\/strong>: Mejoran la eficacia de los espacios publicitarios. Se han incorporado cookies para la red publicitaria de Google.<\/p>\n<p><strong>C\u00f3mo deshabilitar las Cookies en los navegadores m\u00e1s usados:<\/strong><\/p>\n<p>En algunos navegadores puede configurar reglas para administrar cookies por sitio, lo que le ofrece un control m\u00e1s preciso sobre su privacidad. Esto significa que puede inhabilitar cookies de todos los sitios salvo de aquellos en los que conf\u00eda:<\/p>\n<p>\u2022<strong>Google Chrome<\/strong>: Configuraci\u00f3n -&gt; Mostrar opciones avanzadas -&gt; Privacidad -&gt; Configuraci\u00f3n de contenido. Para m\u00e1s informaci\u00f3n, puede consultar el soporte de Google o la Ayuda del navegador.<\/p>\n<p>\u2022<strong>Internet Explorer<\/strong>: Herramientas -&gt; Opciones de Internet -&gt; Privacidad -&gt; Configuraci\u00f3n. Para m\u00e1s informaci\u00f3n, puede consultar el soporte de Microsoft o la Ayuda del navegador.<\/p>\n<p>\u2022<strong>Firefox<\/strong>: Herramientas -&gt; Opciones -&gt; Privacidad -&gt; Historial -&gt; Configuraci\u00f3n Personalizada. Para m\u00e1s informaci\u00f3n, puede consultar el soporte de Mozilla o la Ayuda del navegador.<\/p>\n<p>\u2022<strong>Safari<\/strong>: Preferencias -&gt; Seguridad. Para m\u00e1s informaci\u00f3n, puede consultar el soporte de Apple o la Ayuda del navegador.<\/p>\n<p>Puede obtener m\u00e1s informaci\u00f3n sobre las cookies y su uso en <a href=\"http:\/\/www.aboutcookies.org\">www.aboutcookies.org<\/a>.<\/p>\n<\/div>\n<\/div>\n","protected":false},"excerpt":{"rendered":"<p>POL\u00cdTICA DE COOKIES Las \u201ccookies\u201d son peque\u00f1as piezas de informaci\u00f3n que nos permiten reconocer a nuestros clientes e intentar darles la mejor experiencia de compra. Con ellas, por ejemplo, podemos identificar a los usuarios mientras realizan la compra y de esta forma, mantener los art\u00edculos elegidos en el carrito sin que tengan que ser comprados [&hellip;]<\/p>\n","protected":false},"author":3,"featured_media":0,"parent":0,"menu_order":0,"comment_status":"closed","ping_status":"closed","template":"","meta":[],"yoast_head":"<!-- This site is optimized with the Yoast SEO plugin v14.5 - https:\/\/yoast.com\/wordpress\/plugins\/seo\/ -->\n<title>Pol\u00edtica de cookies | Agricultura y Ensayo<\/title>\n<meta name=\"robots\" content=\"index, follow\" \/>\n<meta name=\"googlebot\" content=\"index, follow, max-snippet:-1, max-image-preview:large, max-video-preview:-1\" \/>\n<meta name=\"bingbot\" content=\"index, follow, max-snippet:-1, max-image-preview:large, max-video-preview:-1\" \/>\n<link rel=\"canonical\" href=\"https:\/\/www.agriculturayensayo.com\/ayewebpage\/es\/politica-de-cookies\/\" \/>\n<meta property=\"og:locale\" content=\"en_US\" \/>\n<meta property=\"og:type\" content=\"article\" \/>\n<meta property=\"og:title\" content=\"Pol\u00edtica de cookies | Agricultura y Ensayo\" \/>\n<meta property=\"og:description\" content=\"POL\u00cdTICA DE COOKIES Las \u201ccookies\u201d son peque\u00f1as piezas de informaci\u00f3n que nos permiten reconocer a nuestros clientes e intentar darles la mejor experiencia de compra. Con ellas, por ejemplo, podemos identificar a los usuarios mientras realizan la compra y de esta forma, mantener los art\u00edculos elegidos en el carrito sin que tengan que ser comprados [&hellip;]\" \/>\n<meta property=\"og:url\" content=\"https:\/\/www.agriculturayensayo.com\/ayewebpage\/es\/politica-de-cookies\/\" \/>\n<meta property=\"og:site_name\" content=\"Agricultura y Ensayo\" \/>\n<meta property=\"article:publisher\" content=\"https:\/\/www.facebook.com\/AgriculturayEnsayo\/\" \/>\n<meta property=\"article:modified_time\" content=\"2018-09-05T08:26:13+00:00\" \/>\n<meta name=\"twitter:card\" content=\"summary_large_image\" \/>\n<script type=\"application\/ld+json\" class=\"yoast-schema-graph\">{\"@context\":\"https:\/\/schema.org\",\"@graph\":[{\"@type\":\"WebSite\",\"@id\":\"https:\/\/www.agriculturayensayo.com\/ayewebpage\/#website\",\"url\":\"https:\/\/www.agriculturayensayo.com\/ayewebpage\/\",\"name\":\"Agricultura y Ensayo\",\"description\":\"Research and Development (R+D) of agrochemical products\",\"potentialAction\":[{\"@type\":\"SearchAction\",\"target\":\"https:\/\/www.agriculturayensayo.com\/ayewebpage\/?s={search_term_string}\",\"query-input\":\"required name=search_term_string\"}],\"inLanguage\":\"en-US\"},{\"@type\":\"WebPage\",\"@id\":\"https:\/\/www.agriculturayensayo.com\/ayewebpage\/es\/politica-de-cookies\/#webpage\",\"url\":\"https:\/\/www.agriculturayensayo.com\/ayewebpage\/es\/politica-de-cookies\/\",\"name\":\"Pol\\u00edtica de cookies | Agricultura y Ensayo\",\"isPartOf\":{\"@id\":\"https:\/\/www.agriculturayensayo.com\/ayewebpage\/#website\"},\"datePublished\":\"2018-09-05T08:26:08+00:00\",\"dateModified\":\"2018-09-05T08:26:13+00:00\",\"inLanguage\":\"en-US\",\"potentialAction\":[{\"@type\":\"ReadAction\",\"target\":[\"https:\/\/www.agriculturayensayo.com\/ayewebpage\/es\/politica-de-cookies\/\"]}]}]}<\/script>\n<!-- \/ Yoast SEO plugin. -->","_links":{"self":[{"href":"https:\/\/www.agriculturayensayo.com\/ayewebpage\/wp-json\/wp\/v2\/pages\/3082"}],"collection":[{"href":"https:\/\/www.agriculturayensayo.com\/ayewebpage\/wp-json\/wp\/v2\/pages"}],"about":[{"href":"https:\/\/www.agriculturayensayo.com\/ayewebpage\/wp-json\/wp\/v2\/types\/page"}],"author":[{"embeddable":true,"href":"https:\/\/www.agriculturayensayo.com\/ayewebpage\/wp-json\/wp\/v2\/users\/3"}],"replies":[{"embeddable":true,"href":"https:\/\/www.agriculturayensayo.com\/ayewebpage\/wp-json\/wp\/v2\/comments?post=3082"}],"version-history":[{"count":3,"href":"https:\/\/www.agriculturayensayo.com\/ayewebpage\/wp-json\/wp\/v2\/pages\/3082\/revisions"}],"predecessor-version":[{"id":3085,"href":"https:\/\/www.agriculturayensayo.com\/ayewebpage\/wp-json\/wp\/v2\/pages\/3082\/revisions\/3085"}],"wp:attachment":[{"href":"https:\/\/www.agriculturayensayo.com\/ayewebpage\/wp-json\/wp\/v2\/media?parent=3082"}],"curies":[{"name":"wp","href":"https:\/\/api.w.org\/{rel}","templated":true}]}}