{"id":3086,"date":"2018-09-06T11:14:07","date_gmt":"2018-09-06T09:14:07","guid":{"rendered":"http:\/\/agriculturayensayo.com\/ayewebpage\/?page_id=3086"},"modified":"2019-06-12T16:37:58","modified_gmt":"2019-06-12T14:37:58","slug":"aviso-legal","status":"publish","type":"page","link":"https:\/\/www.agriculturayensayo.com\/ayewebpage\/es\/aviso-legal\/","title":{"rendered":"Aviso Legal"},"content":{"rendered":"[vc_row][vc_column][vc_column_text]\n<p>En cumplimiento de lo establecido en el art\u00edculo 10 de la Ley 34\/2002, de 11 de julio, de Servicios de la Sociedad de la Informaci\u00f3n y de Comercio Electr\u00f3nico (en adelante, LSSI-CE), se informa a los destinatarios de este servicio que <strong>AGRICULTURA Y ENSAYO, S.L.<\/strong> es una sociedad mercantil con domicilio social en calle Cordialidad, 9 Urbanizaci\u00f3n El Eucaliptal de Alcal\u00e1 de Guadaira C.P. 41.500 (Sevilla).<\/p>\n<p>Cuenta con un CIF n\u00famero B-41883315 y se encuentra inscrita en el Registro Mercantil de Sevilla, Tomo 2614; Folio 48; Hoja SE 31608; I A-4.<\/p>\n<p>Su n\u00famero de tel\u00e9fono es +34 955 678 372 \u00a0\u00a0FAX 955 676 517.<\/p>\n<p>Correo electr\u00f3nico de contacto <a href=\"mailto:nrodriguez@agriculturayensayo.com\">nrodriguez@agriculturayensayo.com<\/a> \u00a0para cuestiones referidas al acceso o, en general, a la protecci\u00f3n de datos de car\u00e1cter personal y su privacidad puede utilizar dicha direcci\u00f3n de correo electr\u00f3nico.<\/p>\n<p><strong><u>POLITICA DE PROTECCION DE DATOS.-<\/u><\/strong><\/p>\n<p><strong>AGRICULTURA Y ENSAYO, S.L. <\/strong>es consciente de la importancia de la privacidad de los tratamientos de datos de car\u00e1cter personal y por ello, ha implementado una pol\u00edtica de tratamiento de datos orientada a proveer la m\u00e1xima seguridad en el uso y recogida de los mismos, garantizando el cumplimiento de la normativa vigente en la materia y configurando dicha pol\u00edtica como uno de los pilares b\u00e1sicos en las l\u00edneas de actuaci\u00f3n de la entidad<strong>.<\/strong><\/p>\n<p><strong>AGRICULTURA Y ENSAYO, S.L. <\/strong>informa a los usuarios del sitio <a href=\"http:\/\/www.agriculturayensayo.com\">www.agriculturayensayo.com<\/a> que, respetando la legislaci\u00f3n vigente en materia de protecci\u00f3n de datos personales, la privacidad de los usuarios y el secreto de los datos personales, de conformidad con lo establecido en la Ley Org\u00e1nica 3\/2018, de Protecci\u00f3n de Datos Personales y garant\u00eda de los derechos digitales, y el Reglamento General de Protecci\u00f3n de Datos de la Uni\u00f3n Europea (RGPD) 2016\/679 del Parlamento Europeo y el Consejo de 27 de abril, hemos adoptado para ello las medidas t\u00e9cnicas y organizativas necesarias para evitar la p\u00e9rdida, mal uso, alteraci\u00f3n, acceso no autorizado y robo de los datos personales facilitados, habida cuenta del estado de la tecnolog\u00eda, la naturaleza de los datos y los riesgos a los que est\u00e1n expuestos.<\/p>\n<p><strong>FINALIDAD DEL TRATAMIENTO<\/strong>.- En concreto, <strong>AGRICULTURA Y ENSAYO, S.L. <\/strong>informa a los usuarios del sitio <a href=\"http:\/\/www.agriculturayensayo.com\">www.agriculturayensayo.com<\/a> que sus datos de car\u00e1cter personal s\u00f3lo podr\u00e1n obtenerse para su tratamiento cuando sean adecuados, pertinentes y no excesivos en relaci\u00f3n con el \u00e1mbito y las finalidades determinadas, expl\u00edcitas y leg\u00edtimas para las que se hayan obtenido, cuando se recaben datos personales a trav\u00e9s de <a href=\"http:\/\/www.agriculturayensayo.com\">www.agriculturayensayo.com<\/a> se informar\u00e1 previamente al usuario, de forma clara e inequ\u00edvoca, de los usos y finalidades previstas para dichos datos, adem\u00e1s de los derechos y facultades que amparan al interesado, solicitando en ese momento el consentimiento expreso para dichos fines, habilitando para ello una casilla que deber\u00e1 ser marcada afirmativamente.<\/p>\n<p><strong>PERMANENCIA DE LOS DATOS<\/strong>.- Sus datos ser\u00e1n cancelados cuando hayan dejado de ser necesarios o pertinentes para la finalidad, que se hayan obtenido y que nosotros le hayamos informado, o bien cuando lo solicite el usuario mediante la retirada de su consentimiento.<\/p>\n<p><strong>LEGITIMACI\u00d3N PARA EL TRATAMIENTO DE LOS DATOS<\/strong>.- La base de legitimaci\u00f3n ser\u00e1 el consentimiento del interesado para el tratamiento de los datos y acuerdos basados en alg\u00fan tipo de contrato, bien verbal o por escrito.<\/p>\n<p><strong>DESTINATARIOS DE LOS DATOS.- <\/strong>Los destinatarios de sus datos ser\u00e1n aquellos que est\u00e9n directamente relacionados con la finalidad para la que hayamos recogido sus datos.<\/p>\n<p>El usuario ser\u00e1 el \u00fanico responsable a causa de la cumplimentaci\u00f3n de los formularios con datos falsos, inexactos, incompletos o no actualizados.<\/p>\n<p><strong>DERECHOS DE LOS USUARIOS<\/strong>.- Le informamos de que tiene derecho a solicitar el acceso, rectificaci\u00f3n, supresi\u00f3n, limitaci\u00f3n del tratamiento, oposici\u00f3n o derecho a la portabilidad de sus datos personales a trav\u00e9s de un mensaje de correo electr\u00f3nico a la direcci\u00f3n <a href=\"mailto:nrodriguez@agriculturayensayo.com\">nrodriguez@agriculturayensayo.com<\/a> o bien presentando solicitud por escrito en el domicilio anteriormente indicado acompa\u00f1ada de DNI, Pasaporte o documento fehaciente de identidad.<\/p>\n<p>El ejercicio de algunos de estos derechos no afectar\u00e1 a la licitud del tratamiento efectuado previamente al ejercicio del mismo.<\/p>\n<p>Tiene derecho a presentar una reclamaci\u00f3n ante la Agencia Espa\u00f1ola de Protecci\u00f3n de Datos (<a href=\"http:\/\/www.agpd.es\">www.agpd.es<\/a>) si considera que pueden haber sido vulnerados sus derechos en lo concerniente a la protecci\u00f3n de sus datos personales, as\u00ed como solicitar ante dicho organismo informaci\u00f3n y tutela sobre el ejercicio de sus derechos.<\/p>\n<p><strong><u>PROPIEDAD INTELECTUAL E INDUSTRIAL<\/u><\/strong><\/p>\n<p>Los derechos de propiedad intelectual del contenido de las p\u00e1ginas web, su dise\u00f1o gr\u00e1fico y c\u00f3digos son titularidad de\u00a0<strong>AGRICULTURA Y ENSAYO, S.L.,<\/strong>\u00a0y, por tanto, queda prohibida su reproducci\u00f3n, distribuci\u00f3n, comunicaci\u00f3n p\u00fablica y transformaci\u00f3n, salvo para uso personal y privado. Igualmente, todos los nombres comerciales, marcas o signos distintos de cualquier clase contenidos en las p\u00e1ginas web de\u00a0<strong>AGRICULTURA Y ENSAYO, S.L. <\/strong>est\u00e1n protegidos por ley.<\/p>\n[\/vc_column_text][\/vc_column][\/vc_row]\n","protected":false},"excerpt":{"rendered":"<p>[vc_row][vc_column][vc_column_text] En cumplimiento de lo establecido en el art\u00edculo 10 de la Ley 34\/2002, de 11 de julio, de Servicios de la Sociedad de la Informaci\u00f3n y de Comercio Electr\u00f3nico (en adelante, LSSI-CE), se informa a los destinatarios de este servicio que AGRICULTURA Y ENSAYO, S.L. es una sociedad mercantil con domicilio social en calle [&hellip;]<\/p>\n","protected":false},"author":3,"featured_media":0,"parent":0,"menu_order":0,"comment_status":"closed","ping_status":"closed","template":"","meta":[],"yoast_head":"<!-- This site is optimized with the Yoast SEO plugin v14.5 - https:\/\/yoast.com\/wordpress\/plugins\/seo\/ -->\n<title>Aviso Legal | Agricultura y Ensayo<\/title>\n<meta name=\"robots\" content=\"index, follow\" \/>\n<meta name=\"googlebot\" content=\"index, follow, max-snippet:-1, max-image-preview:large, max-video-preview:-1\" \/>\n<meta name=\"bingbot\" content=\"index, follow, max-snippet:-1, max-image-preview:large, max-video-preview:-1\" \/>\n<link rel=\"canonical\" href=\"https:\/\/www.agriculturayensayo.com\/ayewebpage\/es\/aviso-legal\/\" \/>\n<meta property=\"og:locale\" content=\"en_US\" \/>\n<meta property=\"og:type\" content=\"article\" \/>\n<meta property=\"og:title\" content=\"Aviso Legal | Agricultura y Ensayo\" \/>\n<meta property=\"og:description\" content=\"[vc_row][vc_column][vc_column_text] En cumplimiento de lo establecido en el art\u00edculo 10 de la Ley 34\/2002, de 11 de julio, de Servicios de la Sociedad de la Informaci\u00f3n y de Comercio Electr\u00f3nico (en adelante, LSSI-CE), se informa a los destinatarios de este servicio que AGRICULTURA Y ENSAYO, S.L. es una sociedad mercantil con domicilio social en calle [&hellip;]\" \/>\n<meta property=\"og:url\" content=\"https:\/\/www.agriculturayensayo.com\/ayewebpage\/es\/aviso-legal\/\" \/>\n<meta property=\"og:site_name\" content=\"Agricultura y Ensayo\" \/>\n<meta property=\"article:publisher\" content=\"https:\/\/www.facebook.com\/AgriculturayEnsayo\/\" \/>\n<meta property=\"article:modified_time\" content=\"2019-06-12T14:37:58+00:00\" \/>\n<meta name=\"twitter:card\" content=\"summary_large_image\" \/>\n<script type=\"application\/ld+json\" class=\"yoast-schema-graph\">{\"@context\":\"https:\/\/schema.org\",\"@graph\":[{\"@type\":\"WebSite\",\"@id\":\"https:\/\/www.agriculturayensayo.com\/ayewebpage\/#website\",\"url\":\"https:\/\/www.agriculturayensayo.com\/ayewebpage\/\",\"name\":\"Agricultura y Ensayo\",\"description\":\"Research and Development (R+D) of agrochemical products\",\"potentialAction\":[{\"@type\":\"SearchAction\",\"target\":\"https:\/\/www.agriculturayensayo.com\/ayewebpage\/?s={search_term_string}\",\"query-input\":\"required name=search_term_string\"}],\"inLanguage\":\"en-US\"},{\"@type\":\"WebPage\",\"@id\":\"https:\/\/www.agriculturayensayo.com\/ayewebpage\/es\/aviso-legal\/#webpage\",\"url\":\"https:\/\/www.agriculturayensayo.com\/ayewebpage\/es\/aviso-legal\/\",\"name\":\"Aviso Legal | Agricultura y Ensayo\",\"isPartOf\":{\"@id\":\"https:\/\/www.agriculturayensayo.com\/ayewebpage\/#website\"},\"datePublished\":\"2018-09-06T09:14:07+00:00\",\"dateModified\":\"2019-06-12T14:37:58+00:00\",\"inLanguage\":\"en-US\",\"potentialAction\":[{\"@type\":\"ReadAction\",\"target\":[\"https:\/\/www.agriculturayensayo.com\/ayewebpage\/es\/aviso-legal\/\"]}]}]}<\/script>\n<!-- \/ Yoast SEO plugin. -->","_links":{"self":[{"href":"https:\/\/www.agriculturayensayo.com\/ayewebpage\/wp-json\/wp\/v2\/pages\/3086"}],"collection":[{"href":"https:\/\/www.agriculturayensayo.com\/ayewebpage\/wp-json\/wp\/v2\/pages"}],"about":[{"href":"https:\/\/www.agriculturayensayo.com\/ayewebpage\/wp-json\/wp\/v2\/types\/page"}],"author":[{"embeddable":true,"href":"https:\/\/www.agriculturayensayo.com\/ayewebpage\/wp-json\/wp\/v2\/users\/3"}],"replies":[{"embeddable":true,"href":"https:\/\/www.agriculturayensayo.com\/ayewebpage\/wp-json\/wp\/v2\/comments?post=3086"}],"version-history":[{"count":4,"href":"https:\/\/www.agriculturayensayo.com\/ayewebpage\/wp-json\/wp\/v2\/pages\/3086\/revisions"}],"predecessor-version":[{"id":3561,"href":"https:\/\/www.agriculturayensayo.com\/ayewebpage\/wp-json\/wp\/v2\/pages\/3086\/revisions\/3561"}],"wp:attachment":[{"href":"https:\/\/www.agriculturayensayo.com\/ayewebpage\/wp-json\/wp\/v2\/media?parent=3086"}],"curies":[{"name":"wp","href":"https:\/\/api.w.org\/{rel}","templated":true}]}}