{"id":3089,"date":"2018-09-05T16:05:57","date_gmt":"2018-09-05T14:05:57","guid":{"rendered":"http:\/\/agriculturayensayo.com\/ayewebpage\/?page_id=3089"},"modified":"2019-06-12T16:46:28","modified_gmt":"2019-06-12T14:46:28","slug":"trabaja-con-nosotros","status":"publish","type":"page","link":"https:\/\/www.agriculturayensayo.com\/ayewebpage\/es\/trabaja-con-nosotros\/","title":{"rendered":"Trabaja con nosotros"},"content":{"rendered":"[vc_row][vc_column][vc_column_text]\n<h3>Te contactaremos lo antes posible<\/h3>\n[\/vc_column_text][\/vc_column][\/vc_row]<div role=\"form\" class=\"wpcf7\" id=\"wpcf7-f3093-o1\" lang=\"es-ES\" dir=\"ltr\">\n<div class=\"screen-reader-response\" role=\"alert\" aria-live=\"polite\"><\/div>\n<form action=\"\/ayewebpage\/wp-json\/wp\/v2\/pages\/3089#wpcf7-f3093-o1\" method=\"post\" class=\"wpcf7-form init\" enctype=\"multipart\/form-data\" novalidate=\"novalidate\">\n<div style=\"display: none;\">\n<input type=\"hidden\" name=\"_wpcf7\" value=\"3093\" \/>\n<input type=\"hidden\" name=\"_wpcf7_version\" value=\"5.2\" \/>\n<input type=\"hidden\" name=\"_wpcf7_locale\" value=\"es_ES\" \/>\n<input type=\"hidden\" name=\"_wpcf7_unit_tag\" value=\"wpcf7-f3093-o1\" \/>\n<input type=\"hidden\" name=\"_wpcf7_container_post\" value=\"0\" \/>\n<input type=\"hidden\" name=\"_wpcf7_posted_data_hash\" value=\"\" \/>\n<input type=\"hidden\" name=\"_wpcf7_recaptcha_response\" value=\"\" \/>\n<\/div>\n<p><label> Tu nombre *<br \/>\n    <span class=\"wpcf7-form-control-wrap your-name\"><input type=\"text\" name=\"your-name\" value=\"\" size=\"40\" class=\"wpcf7-form-control wpcf7-text wpcf7-validates-as-required\" aria-required=\"true\" aria-invalid=\"false\" \/><\/span> <\/label><\/p>\n<p><label> Tu email *<br \/>\n    <span class=\"wpcf7-form-control-wrap your-email\"><input type=\"email\" name=\"your-email\" value=\"\" size=\"40\" class=\"wpcf7-form-control wpcf7-text wpcf7-email wpcf7-validates-as-required wpcf7-validates-as-email\" aria-required=\"true\" aria-invalid=\"false\" \/><\/span> <\/label><\/p>\n<p><label> Tu tel\u00e9fono *<br \/>\n     <span class=\"wpcf7-form-control-wrap tel-189\"><input type=\"tel\" name=\"tel-189\" value=\"\" size=\"40\" class=\"wpcf7-form-control wpcf7-text wpcf7-tel wpcf7-validates-as-required wpcf7-validates-as-tel\" aria-required=\"true\" aria-invalid=\"false\" \/><\/span><\/label><\/p>\n<p><label> \u00bfPor qu\u00e9 t\u00fa?<br \/>\n    <span class=\"wpcf7-form-control-wrap your-message\"><textarea name=\"your-message\" cols=\"40\" rows=\"10\" class=\"wpcf7-form-control wpcf7-textarea\" aria-invalid=\"false\"><\/textarea><\/span> <\/label><br \/>\n<label> Tu CV<br \/>\n<span class=\"wpcf7-form-control-wrap curvit\"><input type=\"file\" name=\"curvit\" size=\"40\" class=\"wpcf7-form-control wpcf7-file\" accept=\".pdf,.doc,.docx,.odf\" aria-invalid=\"false\" \/><\/span><\/label><\/p>\n\n<p><input type=\"submit\" value=\"Send\" class=\"wpcf7-form-control wpcf7-submit\" \/><\/p>\n<div class=\"wpcf7-response-output\" role=\"alert\" aria-hidden=\"true\"><\/div><\/form><\/div>[vc_row][vc_column][vc_column_text]\n<p>De acuerdo con lo establecido por el Reglamento (UE) 2016\/679 del Parlamento Europeo y del Consejo, de 27 de abril de 2016 (RGPD) y la Ley Org\u00e1nica 3\/2018, de 5 de diciembre, de Protecci\u00f3n de Datos Personales y Garant\u00eda de los Derechos Digitales, le informamos que los datos personales aportados ser\u00e1n tratados por <strong>AGRICULTURA Y ENSAYO, S.L.<\/strong> con domicilio en Calle Cordialidad, 9 Urbanizaci\u00f3n El Eucaliptal C.P. 41.500 de Alcal\u00e1 de Guadaira (Sevilla).<\/p>\n<p>Los datos aportados por usted son necesarios para prestarle el servicio solicitado, y ser\u00e1n tratados \u00fanicamente con la finalidad de gestionar y ejecutar dicha prestaci\u00f3n del mejor modo posible.<\/p>\n<p>Igualmente, le informamos de que no se prev\u00e9n cesiones de los datos que nos facilite. Sus datos personales ser\u00e1n conservados mientras persista la relaci\u00f3n con el responsable del tratamiento de los datos.<\/p>\n<p>Asimismo, le informamos de que tiene derecho a solicitar el acceso, rectificaci\u00f3n, supresi\u00f3n, limitaci\u00f3n del tratamiento, oposici\u00f3n o derecho a la portabilidad de sus datos personales a trav\u00e9s de un mensaje de correo electr\u00f3nico a la direcci\u00f3n <a href=\"mailto:nrodriguez@agriculturayensayo.com\">nrodriguez@agriculturayensayo.com<\/a> o bien presentando solicitud por escrito, acompa\u00f1ada de su DNI, pasaporte o tarjeta de residencia, en el domicilio anteriormente indicado.<\/p>\n<p>El ejercicio de alguno de dichos derechos no afectar\u00e1 a la licitud del tratamiento efectuado antes del mismo.<\/p>\n<p>Tiene derecho a presentar una reclamaci\u00f3n ante la autoridad de control (AEPD) si considera que pueden haber sido vulnerados sus derechos en lo concerniente a la protecci\u00f3n de sus datos personales.<\/p>\n<p>Si desea m\u00e1s informaci\u00f3n puede consultar nuestra pol\u00edtica de privacidad en <a href=\"http:\/\/www.agriculturayensayo.com\">www.agriculturayensayo.com<\/a>.<\/p>\n<ul>\n<li style=\"list-style-type: none;\"><span style=\"font-size: inherit;\">[\/vc_column_text][\/vc_column][\/vc_row]<\/span><\/li>\n<\/ul>\n","protected":false},"excerpt":{"rendered":"<p>[vc_row][vc_column][vc_column_text] Te contactaremos lo antes posible [\/vc_column_text][\/vc_column][\/vc_row][vc_row][vc_column][vc_column_text] De acuerdo con lo establecido por el Reglamento (UE) 2016\/679 del Parlamento Europeo y del Consejo, de 27 de abril de 2016 (RGPD) y la Ley Org\u00e1nica 3\/2018, de 5 de diciembre, de Protecci\u00f3n de Datos Personales y Garant\u00eda de los Derechos Digitales, le informamos que los datos [&hellip;]<\/p>\n","protected":false},"author":3,"featured_media":0,"parent":0,"menu_order":0,"comment_status":"closed","ping_status":"closed","template":"","meta":[],"yoast_head":"<!-- This site is optimized with the Yoast SEO plugin v14.5 - https:\/\/yoast.com\/wordpress\/plugins\/seo\/ -->\n<title>Trabaja con nosotros | Agricultura y Ensayo<\/title>\n<meta name=\"robots\" content=\"index, follow\" \/>\n<meta name=\"googlebot\" content=\"index, follow, max-snippet:-1, max-image-preview:large, max-video-preview:-1\" \/>\n<meta name=\"bingbot\" content=\"index, follow, max-snippet:-1, max-image-preview:large, max-video-preview:-1\" \/>\n<link rel=\"canonical\" href=\"https:\/\/www.agriculturayensayo.com\/ayewebpage\/es\/trabaja-con-nosotros\/\" \/>\n<meta property=\"og:locale\" content=\"en_US\" \/>\n<meta property=\"og:type\" content=\"article\" \/>\n<meta property=\"og:title\" content=\"Trabaja con nosotros | Agricultura y Ensayo\" \/>\n<meta property=\"og:description\" content=\"[vc_row][vc_column][vc_column_text] Te contactaremos lo antes posible [\/vc_column_text][\/vc_column][\/vc_row][vc_row][vc_column][vc_column_text] De acuerdo con lo establecido por el Reglamento (UE) 2016\/679 del Parlamento Europeo y del Consejo, de 27 de abril de 2016 (RGPD) y la Ley Org\u00e1nica 3\/2018, de 5 de diciembre, de Protecci\u00f3n de Datos Personales y Garant\u00eda de los Derechos Digitales, le informamos que los datos [&hellip;]\" \/>\n<meta property=\"og:url\" content=\"https:\/\/www.agriculturayensayo.com\/ayewebpage\/es\/trabaja-con-nosotros\/\" \/>\n<meta property=\"og:site_name\" content=\"Agricultura y Ensayo\" \/>\n<meta property=\"article:publisher\" content=\"https:\/\/www.facebook.com\/AgriculturayEnsayo\/\" \/>\n<meta property=\"article:modified_time\" content=\"2019-06-12T14:46:28+00:00\" \/>\n<meta name=\"twitter:card\" content=\"summary_large_image\" \/>\n<script type=\"application\/ld+json\" class=\"yoast-schema-graph\">{\"@context\":\"https:\/\/schema.org\",\"@graph\":[{\"@type\":\"WebSite\",\"@id\":\"https:\/\/www.agriculturayensayo.com\/ayewebpage\/#website\",\"url\":\"https:\/\/www.agriculturayensayo.com\/ayewebpage\/\",\"name\":\"Agricultura y Ensayo\",\"description\":\"Research and Development (R+D) of agrochemical products\",\"potentialAction\":[{\"@type\":\"SearchAction\",\"target\":\"https:\/\/www.agriculturayensayo.com\/ayewebpage\/?s={search_term_string}\",\"query-input\":\"required name=search_term_string\"}],\"inLanguage\":\"en-US\"},{\"@type\":\"WebPage\",\"@id\":\"https:\/\/www.agriculturayensayo.com\/ayewebpage\/es\/trabaja-con-nosotros\/#webpage\",\"url\":\"https:\/\/www.agriculturayensayo.com\/ayewebpage\/es\/trabaja-con-nosotros\/\",\"name\":\"Trabaja con nosotros | Agricultura y Ensayo\",\"isPartOf\":{\"@id\":\"https:\/\/www.agriculturayensayo.com\/ayewebpage\/#website\"},\"datePublished\":\"2018-09-05T14:05:57+00:00\",\"dateModified\":\"2019-06-12T14:46:28+00:00\",\"inLanguage\":\"en-US\",\"potentialAction\":[{\"@type\":\"ReadAction\",\"target\":[\"https:\/\/www.agriculturayensayo.com\/ayewebpage\/es\/trabaja-con-nosotros\/\"]}]}]}<\/script>\n<!-- \/ Yoast SEO plugin. -->","_links":{"self":[{"href":"https:\/\/www.agriculturayensayo.com\/ayewebpage\/wp-json\/wp\/v2\/pages\/3089"}],"collection":[{"href":"https:\/\/www.agriculturayensayo.com\/ayewebpage\/wp-json\/wp\/v2\/pages"}],"about":[{"href":"https:\/\/www.agriculturayensayo.com\/ayewebpage\/wp-json\/wp\/v2\/types\/page"}],"author":[{"embeddable":true,"href":"https:\/\/www.agriculturayensayo.com\/ayewebpage\/wp-json\/wp\/v2\/users\/3"}],"replies":[{"embeddable":true,"href":"https:\/\/www.agriculturayensayo.com\/ayewebpage\/wp-json\/wp\/v2\/comments?post=3089"}],"version-history":[{"count":4,"href":"https:\/\/www.agriculturayensayo.com\/ayewebpage\/wp-json\/wp\/v2\/pages\/3089\/revisions"}],"predecessor-version":[{"id":3565,"href":"https:\/\/www.agriculturayensayo.com\/ayewebpage\/wp-json\/wp\/v2\/pages\/3089\/revisions\/3565"}],"wp:attachment":[{"href":"https:\/\/www.agriculturayensayo.com\/ayewebpage\/wp-json\/wp\/v2\/media?parent=3089"}],"curies":[{"name":"wp","href":"https:\/\/api.w.org\/{rel}","templated":true}]}}