{"id":70,"date":"2016-12-30T11:45:31","date_gmt":"2016-12-30T11:45:31","guid":{"rendered":"http:\/\/demo.bannersmonster.com\/labora\/?page_id=70"},"modified":"2020-05-07T10:40:47","modified_gmt":"2020-05-07T08:40:47","slug":"homepage-2","status":"publish","type":"page","link":"https:\/\/www.agriculturayensayo.com\/ayewebpage\/","title":{"rendered":"Homepage"},"content":{"rendered":"[vc_row full_width=&#8221;stretch_row_content&#8221; equal_height=&#8221;yes&#8221; content_placement=&#8221;bottom&#8221; css_animation=&#8221;none&#8221; css=&#8221;.vc_custom_1530860234632{padding-top: 0px !important;padding-bottom: 120px !important;background-position: center !important;background-repeat: no-repeat !important;background-size: cover !important;}&#8221;][vc_column][\/vc_column][\/vc_row][vc_row gap=&#8221;30&#8243; css=&#8221;.vc_custom_1529499851370{margin-bottom: 30px !important;padding-right: 0px !important;padding-left: 0px !important;}&#8221;]\n[vc_column width=&#8221;1\/3&#8243;][vc_cta h2=&#8221;FIELD TRIALS&#8221; txt_align=&#8221;center&#8221; shape=&#8221;square&#8221; style=&#8221;flat&#8221; color=&#8221;grey&#8221; add_icon=&#8221;top&#8221; i_icon_fontawesome=&#8221;fa fa-leaf&#8221; i_color=&#8221;grey&#8221; i_background_style=&#8221;rounded&#8221; i_background_color=&#8221;custom&#8221; i_size=&#8221;lg&#8221; i_on_border=&#8221;true&#8221; i_custom_background_color=&#8221;#7cb812&#8243;]\n<p style=\"line-height: 1.5; color: #000000;\">Plant protection products (GEP &amp; GLP) and seeds studies.<\/p>\n<hr \/>\n<p style=\"text-align: left;\"><p class=\"center\"><a  href=\"\/ayewebpage\/services-aye\/field-trials\/\" data-btn-bg=\"#2b2b2b\" data-btn-hoverBg=\"#7c7c7c\" data-btn-color=\"#ffffff\" data-btn-hoverColor=\"#f5f5f5\" style=\"background-color:#2b2b2b; color:#ffffff;\" class=\"btn center large    rounded\"><span class=\"btn-details\"><span class=\"btn-text\"><strong>Learn More<\/strong><span class=\"btn-sub-text\"><\/span><\/span><\/span><\/a><\/p>\n[\/vc_cta][\/vc_column][vc_column width=&#8221;1\/3&#8243;][vc_cta h2=&#8221;LAB SERVICES&#8221; txt_align=&#8221;center&#8221; shape=&#8221;square&#8221; style=&#8221;flat&#8221; color=&#8221;grey&#8221; add_icon=&#8221;top&#8221; i_icon_fontawesome=&#8221;fa fa-flask&#8221; i_color=&#8221;grey&#8221; i_background_style=&#8221;rounded&#8221; i_background_color=&#8221;custom&#8221; i_size=&#8221;lg&#8221; i_on_border=&#8221;true&#8221; i_custom_background_color=&#8221;#7cb812&#8243;]\n<p style=\"line-height: 1.5; color: #000000;\">We provide laboratory services mainly supporting plant protection.<\/p>\n<hr \/>\n<p style=\"text-align: left;\"><p class=\"center\"><a  href=\"\/ayewebpage\/services-aye\/lab-services\/\" data-btn-bg=\"#2b2b2b\" data-btn-hoverBg=\"#7c7c7c\" data-btn-color=\"#ffffff\" data-btn-hoverColor=\"#f5f5f5\" style=\"background-color:#2b2b2b; color:#ffffff;\" class=\"btn center large    rounded\"><span class=\"btn-details\"><span class=\"btn-text\"><strong>Learn More<\/strong><span class=\"btn-sub-text\"><\/span><\/span><\/span><\/a><\/p>\n[\/vc_cta][\/vc_column][vc_column width=&#8221;1\/3&#8243;][vc_cta h2=&#8221;SOFTWARE SOLUTIONS&#8221; txt_align=&#8221;center&#8221; shape=&#8221;square&#8221; style=&#8221;flat&#8221; color=&#8221;grey&#8221; add_icon=&#8221;top&#8221; i_icon_fontawesome=&#8221;fa fa-desktop&#8221; i_color=&#8221;grey&#8221; i_background_style=&#8221;rounded&#8221; i_background_color=&#8221;custom&#8221; i_size=&#8221;lg&#8221; i_on_border=&#8221;true&#8221; i_custom_background_color=&#8221;#7cb812&#8243;]\n<p style=\"line-height: 1.5; color: #000000;\">We provide innovative software solutions to\u00a0optimize the trial management processes.<\/p>\n<hr \/>\n<p style=\"text-align: left;\"><p class=\"center\"><a  href=\"\/ayewebpage\/services-aye\/software-solutions\" data-btn-bg=\"#2b2b2b\" data-btn-hoverBg=\"#7c7c7c\" data-btn-color=\"#ffffff\" data-btn-hoverColor=\"#f5f5f5\" style=\"background-color:#2b2b2b; color:#ffffff;\" class=\"btn center large    rounded\"><span class=\"btn-details\"><span class=\"btn-text\"><strong>Learn More<\/strong><span class=\"btn-sub-text\"><\/span><\/span><\/span><\/a><\/p>\n[\/vc_cta][\/vc_column][\/vc_row][vc_row][vc_column][vc_column_text]\n<h2 style=\"text-align: center;\">About us<\/h2>\n[\/vc_column_text][vc_separator color=&#8221;custom&#8221; border_width=&#8221;3&#8243; el_width=&#8221;20&#8243; accent_color=&#8221;#7cb812&#8243;][\/vc_column][\/vc_row][vc_row full_width=&#8221;stretch_row_content_no_spaces&#8221; css=&#8221;.vc_custom_1529500266254{margin-top: 0px !important;margin-right: 0px !important;margin-bottom: 0px !important;margin-left: 0px !important;border-top-width: 0px !important;border-right-width: 0px !important;border-bottom-width: 0px !important;border-left-width: 0px !important;padding-top: 0px !important;padding-right: 0px !important;padding-bottom: 0px !important;padding-left: 0px !important;}&#8221;][vc_column width=&#8221;1\/2&#8243; css=&#8221;.vc_custom_1527260621614{margin-right: 0px !important;border-right-width: 0px !important;padding-right: 0px !important;}&#8221;][vc_single_image image=&#8221;3140&#8243; img_size=&#8221;full&#8221; alignment=&#8221;right&#8221; css=&#8221;.vc_custom_1536913808057{margin-top: 0px !important;margin-right: 0px !important;margin-bottom: 0px !important;margin-left: 0px !important;border-top-width: 0px !important;border-right-width: 0px !important;border-bottom-width: 0px !important;border-left-width: 0px !important;padding-top: 0px !important;padding-right: 0px !important;padding-bottom: 0px !important;padding-left: 0px !important;}&#8221;][\/vc_column][vc_column width=&#8221;1\/2&#8243; css=&#8221;.vc_custom_1529500032815{margin-left: 0px !important;border-top-width: 0px !important;border-bottom-width: 0px !important;border-left-width: 0px !important;padding-top: 0px !important;padding-bottom: 0px !important;padding-left: 0px !important;}&#8221;][vc_row_inner equal_height=&#8221;yes&#8221; css=&#8221;.vc_custom_1529500327242{margin-left: 0px !important;border-left-width: 0px !important;padding-left: 0px !important;}&#8221;][vc_column_inner css=&#8221;.vc_custom_1529496604313{margin-left: 0px !important;border-left-width: 0px !important;padding-right: 70px !important;padding-left: 70px !important;background-position: center !important;background-repeat: no-repeat !important;background-size: cover !important;}&#8221;][vc_empty_space height=&#8221;80px&#8221;][vc_column_text]\n<p>Agricultura y Ensayo (AYE) is an agricultural services company, dedicated mainly to activities related to the Research and Development (R+D) of agrochemical products.<\/p>\n<p>AYE operates all over the Spanish and Portuguese geography. The head office is located in the South of Spain (Alcal\u00e1 de Guadaira, Sevilla); there are some other secondary offices spread around the South (Almer\u00eda) and the North (Navarra, Pa\u00eds Vasco, Galicia and Valladolid) and our branch in Central Region of Portugal (Almeirim).[\/vc_column_text][\/vc_column_inner][\/vc_row_inner][\/vc_column][\/vc_row][vc_row full_width=&#8221;stretch_row_content_no_spaces&#8221; css=&#8221;.vc_custom_1528358668146{margin-top: 0px !important;margin-right: 0px !important;margin-bottom: 0px !important;margin-left: 0px !important;border-top-width: 0px !important;border-right-width: 0px !important;border-bottom-width: 0px !important;border-left-width: 0px !important;padding-top: 0px !important;padding-right: 0px !important;padding-bottom: 0px !important;padding-left: 0px !important;}&#8221;][vc_column width=&#8221;1\/2&#8243; css=&#8221;.vc_custom_1527260350240{margin-top: 0px !important;margin-bottom: 0px !important;border-top-width: 0px !important;border-bottom-width: 0px !important;padding-top: 0px !important;padding-bottom: 0px !important;}&#8221;][vc_row_inner equal_height=&#8221;yes&#8221;][vc_column_inner css=&#8221;.vc_custom_1527260770810{padding-right: 70px !important;padding-left: 70px !important;background-position: center !important;background-repeat: no-repeat !important;background-size: cover !important;}&#8221;][vc_empty_space][vc_column_text]\n<h3 style=\"text-align: left;\">AYE in Europe<\/h3>\n[\/vc_column_text][vc_separator color=&#8221;custom&#8221; align=&#8221;align_left&#8221; border_width=&#8221;3&#8243; el_width=&#8221;10&#8243; accent_color=&#8221;#7cb812&#8243;][vc_column_text]AYE conducts multisite studies throughout Europe in collaboration through partnership with several independent CRO\u00b4s \u00a0and laboratories.[\/vc_column_text][\/vc_column_inner][\/vc_row_inner][vc_single_image image=&#8221;2374&#8243; img_size=&#8221;300&#215;87&#8243; alignment=&#8221;center&#8221; css=&#8221;.vc_custom_1529924319523{margin-top: 0px !important;margin-bottom: 0px !important;}&#8221;][vc_column_text]\n<p style=\"text-align: center;\">We are part of the European network of independent CROs, Rhizome<\/p>\n[\/vc_column_text][\/vc_column][vc_column width=&#8221;1\/2&#8243;][vc_single_image image=&#8221;2376&#8243; img_size=&#8221;large&#8221; alignment=&#8221;right&#8221; css=&#8221;.vc_custom_1528362725614{margin-top: 0px !important;margin-right: 0px !important;margin-bottom: 0px !important;margin-left: 0px !important;border-top-width: 0px !important;border-right-width: 0px !important;border-bottom-width: 0px !important;border-left-width: 0px !important;padding-top: 0px !important;padding-right: 0px !important;padding-bottom: 0px !important;padding-left: 0px !important;}&#8221;][\/vc_column][\/vc_row][vc_row full_width=&#8221;stretch_row&#8221; css=&#8221;.vc_custom_1528280753839{margin-top: 0px !important;margin-bottom: 0px !important;border-top-width: 0px !important;border-bottom-width: 0px !important;padding-top: 0px !important;padding-bottom: 0px !important;background-color: #6dab3c !important;}&#8221;][vc_column css=&#8221;.vc_custom_1528359249760{padding-top: 30px !important;padding-bottom: 30px !important;}&#8221;][vc_column_text css=&#8221;.vc_custom_1528359205089{margin-top: 0px !important;margin-bottom: 0px !important;border-top-width: 0px !important;border-bottom-width: 0px !important;padding-top: 0px !important;padding-bottom: 0px !important;}&#8221;]\n<h3 style=\"text-align: center;\"><span style=\"color: #ffffff;\">Looking for an independent reliable and experience field trial CRO?<\/span><\/h3>\n[\/vc_column_text][vc_btn title=&#8221;Contact us today&#8221; style=&#8221;classic&#8221; color=&#8221;black&#8221; size=&#8221;lg&#8221; align=&#8221;center&#8221; link=&#8221;url:%2Fayewebpage%2Fcontact%2F|||&#8221; css=&#8221;.vc_custom_1535023394617{margin-top: 0px !important;margin-bottom: 0px !important;border-top-width: 0px !important;border-bottom-width: 0px !important;padding-top: 10px !important;padding-bottom: 0px !important;}&#8221;][\/vc_column][\/vc_row]\n","protected":false},"excerpt":{"rendered":"<p>[vc_row full_width=&#8221;stretch_row_content&#8221; equal_height=&#8221;yes&#8221; content_placement=&#8221;bottom&#8221; css_animation=&#8221;none&#8221; css=&#8221;.vc_custom_1530860234632{padding-top: 0px !important;padding-bottom: 120px !important;background-position: center !important;background-repeat: no-repeat !important;background-size: cover !important;}&#8221;][vc_column][\/vc_column][\/vc_row][vc_row gap=&#8221;30&#8243; css=&#8221;.vc_custom_1529499851370{margin-bottom: 30px !important;padding-right: 0px !important;padding-left: 0px !important;}&#8221;] [vc_column width=&#8221;1\/3&#8243;][vc_cta h2=&#8221;FIELD TRIALS&#8221; txt_align=&#8221;center&#8221; shape=&#8221;square&#8221; style=&#8221;flat&#8221; color=&#8221;grey&#8221; add_icon=&#8221;top&#8221; i_icon_fontawesome=&#8221;fa fa-leaf&#8221; i_color=&#8221;grey&#8221; i_background_style=&#8221;rounded&#8221; i_background_color=&#8221;custom&#8221; i_size=&#8221;lg&#8221; i_on_border=&#8221;true&#8221; i_custom_background_color=&#8221;#7cb812&#8243;] Plant protection products (GEP &amp; GLP) and seeds studies. [\/vc_cta][\/vc_column][vc_column width=&#8221;1\/3&#8243;][vc_cta h2=&#8221;LAB SERVICES&#8221; txt_align=&#8221;center&#8221; [&hellip;]<\/p>\n","protected":false},"author":3,"featured_media":0,"parent":0,"menu_order":0,"comment_status":"closed","ping_status":"closed","template":"","meta":[],"yoast_head":"<!-- This site is optimized with the Yoast SEO plugin v14.5 - https:\/\/yoast.com\/wordpress\/plugins\/seo\/ -->\n<title>HOME | Agricultura y Ensayo<\/title>\n<meta name=\"description\" content=\"We are a leading and independent company that provide Research and Development (R+D) services for plant protection products.\" \/>\n<meta name=\"robots\" content=\"index, follow\" \/>\n<meta name=\"googlebot\" content=\"index, follow, max-snippet:-1, max-image-preview:large, max-video-preview:-1\" \/>\n<meta name=\"bingbot\" content=\"index, follow, max-snippet:-1, max-image-preview:large, max-video-preview:-1\" \/>\n<link rel=\"canonical\" href=\"https:\/\/www.agriculturayensayo.com\/ayewebpage\/\" \/>\n<meta property=\"og:locale\" content=\"en_US\" \/>\n<meta property=\"og:type\" content=\"article\" \/>\n<meta property=\"og:title\" content=\"HOME | Agricultura y Ensayo\" \/>\n<meta property=\"og:description\" content=\"We are a leading and independent company that provide Research and Development (R+D) services for plant protection products.\" \/>\n<meta property=\"og:url\" content=\"https:\/\/www.agriculturayensayo.com\/ayewebpage\/\" \/>\n<meta property=\"og:site_name\" content=\"Agricultura y Ensayo\" \/>\n<meta property=\"article:publisher\" content=\"https:\/\/www.facebook.com\/AgriculturayEnsayo\/\" \/>\n<meta property=\"article:modified_time\" content=\"2020-05-07T08:40:47+00:00\" \/>\n<meta name=\"twitter:card\" content=\"summary_large_image\" \/>\n<script type=\"application\/ld+json\" class=\"yoast-schema-graph\">{\"@context\":\"https:\/\/schema.org\",\"@graph\":[{\"@type\":\"WebSite\",\"@id\":\"https:\/\/www.agriculturayensayo.com\/ayewebpage\/#website\",\"url\":\"https:\/\/www.agriculturayensayo.com\/ayewebpage\/\",\"name\":\"Agricultura y Ensayo\",\"description\":\"Research and Development (R+D) of agrochemical products\",\"potentialAction\":[{\"@type\":\"SearchAction\",\"target\":\"https:\/\/www.agriculturayensayo.com\/ayewebpage\/?s={search_term_string}\",\"query-input\":\"required name=search_term_string\"}],\"inLanguage\":\"en-US\"},{\"@type\":\"WebPage\",\"@id\":\"https:\/\/www.agriculturayensayo.com\/ayewebpage\/#webpage\",\"url\":\"https:\/\/www.agriculturayensayo.com\/ayewebpage\/\",\"name\":\"HOME | Agricultura y Ensayo\",\"isPartOf\":{\"@id\":\"https:\/\/www.agriculturayensayo.com\/ayewebpage\/#website\"},\"datePublished\":\"2016-12-30T11:45:31+00:00\",\"dateModified\":\"2020-05-07T08:40:47+00:00\",\"description\":\"We are a leading and independent company that provide Research and Development (R+D) services for plant protection products.\",\"inLanguage\":\"en-US\",\"potentialAction\":[{\"@type\":\"ReadAction\",\"target\":[\"https:\/\/www.agriculturayensayo.com\/ayewebpage\/\"]}]}]}<\/script>\n<!-- \/ Yoast SEO plugin. -->","_links":{"self":[{"href":"https:\/\/www.agriculturayensayo.com\/ayewebpage\/wp-json\/wp\/v2\/pages\/70"}],"collection":[{"href":"https:\/\/www.agriculturayensayo.com\/ayewebpage\/wp-json\/wp\/v2\/pages"}],"about":[{"href":"https:\/\/www.agriculturayensayo.com\/ayewebpage\/wp-json\/wp\/v2\/types\/page"}],"author":[{"embeddable":true,"href":"https:\/\/www.agriculturayensayo.com\/ayewebpage\/wp-json\/wp\/v2\/users\/3"}],"replies":[{"embeddable":true,"href":"https:\/\/www.agriculturayensayo.com\/ayewebpage\/wp-json\/wp\/v2\/comments?post=70"}],"version-history":[{"count":444,"href":"https:\/\/www.agriculturayensayo.com\/ayewebpage\/wp-json\/wp\/v2\/pages\/70\/revisions"}],"predecessor-version":[{"id":3664,"href":"https:\/\/www.agriculturayensayo.com\/ayewebpage\/wp-json\/wp\/v2\/pages\/70\/revisions\/3664"}],"wp:attachment":[{"href":"https:\/\/www.agriculturayensayo.com\/ayewebpage\/wp-json\/wp\/v2\/media?parent=70"}],"curies":[{"name":"wp","href":"https:\/\/api.w.org\/{rel}","templated":true}]}}