{"id":829,"date":"2017-12-06T19:35:07","date_gmt":"2017-12-06T19:35:07","guid":{"rendered":"http:\/\/agriculturayensayo.com\/ayewebpage\/inicio-copy\/"},"modified":"2017-12-06T22:47:52","modified_gmt":"2017-12-06T22:47:52","slug":"our-company","status":"publish","type":"page","link":"https:\/\/www.agriculturayensayo.com\/ayewebpage\/our-company\/","title":{"rendered":"Our Company"},"content":{"rendered":"<p><!--themify_builder_static--><img src=\"http:\/\/agriculturayensayo.com\/ayewebpage\/wp-content\/uploads\/2017\/12\/agricultura-y-ensayo.png\" alt=\"alternativa y ensayo logo\" \/> <\/p>\n<h2>About us<br \/>And our partnerships in Europe<\/h2>\n<h4 style=\"text-align: center;\"><strong>Agricultura y Ensayo<\/strong>\u00a0is an agricultural services company dedicated mainly to activities related to the Research and Development (R+D) of agrochemicals products. Established in 1997, AYE is manned by highly qualified personnel with broad experience.<\/h4>\n<h4 style=\"text-align: center;\"><img loading=\"lazy\" src=\"http:\/\/agriculturayensayo.com\/ayewebpage\/wp-content\/uploads\/2017\/12\/MapaCompany-800x600.jpg\" alt=\"Mapa de Europa\" width=\"800\" height=\"600\" srcset=\"http:\/\/agriculturayensayo.com\/ayewebpage\/wp-content\/uploads\/2017\/12\/MapaCompany-800x600.jpg 800w, http:\/\/agriculturayensayo.com\/ayewebpage\/wp-content\/uploads\/2017\/12\/MapaCompany-768x576.jpg 768w, http:\/\/agriculturayensayo.com\/ayewebpage\/wp-content\/uploads\/2017\/12\/MapaCompany-1000x750.jpg 1000w, http:\/\/agriculturayensayo.com\/ayewebpage\/wp-content\/uploads\/2017\/12\/MapaCompany.jpg 960w\" sizes=\"(max-width: 800px) 100vw, 800px\" \/><\/h4>\n<h4 style=\"text-align: center;\">AYE operates all over the Spanish and Portuguese geography. The head office is located in the South of Spain (Alcal\u00e1 de Guadaira, Sevilla); there are some other secondary offices spread around the South (Almer\u00eda) and the North (Navarra, Pa\u00eds Vasco and Galicia) and our branch in Central Region of Portugal (Almeirim).<\/h4>\n<p> <img src=\"http:\/\/agriculturayensayo.com\/ayewebpage\/wp-content\/uploads\/2017\/12\/MapaEuropa-550x529.jpg\" width=\"550\" alt=\"Partnerships in Europe\" srcset=\"http:\/\/agriculturayensayo.com\/ayewebpage\/wp-content\/uploads\/2017\/12\/MapaEuropa-550x529.jpg 550w, http:\/\/agriculturayensayo.com\/ayewebpage\/wp-content\/uploads\/2017\/12\/MapaEuropa.jpg 439w\" sizes=\"(max-width: 550px) 100vw, 550px\" \/> <\/p>\n<h4 style=\"padding-left: 30px;\">AYE conducts multisite studies throughout Europe in collaboration with several partnerships and laboratories.<\/h4>\n<h4 style=\"padding-left: 60px;\">&#8211; Belgium<\/h4>\n<h4 style=\"padding-left: 60px;\">&#8211; France<\/h4>\n<h4 style=\"padding-left: 60px;\">&#8211; Germany<\/h4>\n<h4 style=\"padding-left: 60px;\">&#8211; Greece<\/h4>\n<h4 style=\"padding-left: 60px;\">&#8211; Italy<\/h4>\n<h4 style=\"padding-left: 60px;\">&#8211; Spain<\/h4>\n<h4 style=\"padding-left: 60px;\">&#8211; The Netherlands<\/h4>\n<h4 style=\"padding-left: 60px;\">&#8211; UK<\/h4>\n<ul>\n<li>\n<h4>Privacity Policy<\/h4>\n<p>Aviso Legal<\/p>\n<hr \/>\n<p>En cumplimiento del Art\u00edculo 10 de la Ley 34\/2002 de 11 de Julio, LSSI-CE de Servicios de la Informaci\u00f3n y Comercio Electr\u00f3nico, a continuaci\u00f3n se exponen los datos identificativos de la Empresa:<\/p>\n<ul>\n<li>Nombre: AGRICULTURA Y ENSAYO, S.L.<\/li>\n<li>Domicilio Social: Urb. El Eucaliptal C\/ Cordialidad, 9, ALCALA DE GUADAIRA 41500 (Sevilla)<\/li>\n<li>NIF\/CIF: B-41883315<\/li>\n<li>Datos Registrales: Registro Mercantil de Sevilla, Tomo: 2614; Folio: 48; S-8; H-SE 31608; I-A-4<\/li>\n<li>Correo Electr\u00f3nico: nrodriguez@agriculturayensayo.com<\/li>\n<li>P\u00e1gina Web: www.agriculturayensayo.com<\/li>\n<li>Tel\u00e9fono: 955678372<\/li>\n<li>Fax: 955676517<\/li>\n<\/ul>\n<p>POLITICA DE PROTECCION DE DATOS<\/p>\n<hr \/>\n<p>AGRICULTURA Y ENSAYO, S.L. informa a los usuarios del sitio www.agriculturayensayo.com que, respetando la legislaci\u00f3n vigente en materia de protecci\u00f3n de datos personales, la privacidad de los usuarios y el secreto de los datos personales, de conformidad con lo establecido en la Ley Org\u00e1nica 15\/1999, de Protecci\u00f3n de Datos de Car\u00e1cter Personal y el Real Decreto 1720\/2007 de 21 de Diciembre, por el que se aprueba el Reglamento de Desarrollo de la mencionada Ley, hemos adoptado para ello las medidas t\u00e9cnicas y organizativas necesarias para evitar la p\u00e9rdida, mal uso, alteraci\u00f3n, acceso no autorizado y robo de los datos personales facilitados, habida cuenta del estado de la tecnolog\u00eda, la naturaleza de los datos y los riesgos a los que est\u00e1n expuestos.<\/p>\n<p>En concreto la AGRICULTURA Y ENSAYO, S.L., informa a los usuarios del sitio www.agriculturayensayo.com que sus datos de car\u00e1cter personal s\u00f3lo podr\u00e1n obtenerse para su tratamiento cuando sean adecuados, pertinentes y no excesivos en relaci\u00f3n con el \u00e1mbito y las finalidades determinadas, expl\u00edcitas y leg\u00edtimas para las que se hayan obtenido. Ser\u00e1n cancelados cuando hayan dejado de ser necesarios o pertinentes para dicha finalidad, o cuando lo solicite el titular en el ejercicio de su derecho de cancelaci\u00f3n. Cuando se recaben datos personales a trav\u00e9s de www.agriculturayensayo.com, se informar\u00e1 previamente al usuario, de forma clara e inequ\u00edvoca, de los siguientes extremos:<\/p>\n<ul>\n<li>Existencia de un fichero o tratamiento de datos de car\u00e1cter personal, finalidad de la recogida y destinatarios de la informaci\u00f3n<\/li>\n<li>Inscripci\u00f3n del fichero en el Registro de la Agencia Espa\u00f1ola de Protecci\u00f3n de Datos<\/li>\n<li>Car\u00e1cter obligatorio o facultativo de la respuesta a las preguntas que en su caso les sean planteadas, as\u00ed como de las consecuencias de la obtenci\u00f3n de los datos o la negativa a suministrarlos<\/li>\n<li>Posibilidad de ejercer los derechos de Acceso, Rectificaci\u00f3n, Cancelaci\u00f3n y Oposici\u00f3n<\/li>\n<li>Identidad y direcci\u00f3n del responsable del tratamiento de los datos<\/li>\n<li>El usuario ser\u00e1 el \u00fanico responsable a causa de la cumplimentaci\u00f3n de los formularios con datos falsos, inexactos, incompletos o no actualizados<\/li>\n<li>Cualquier cesi\u00f3n a terceros de los datos personales de los usuarios de este sitio, ser\u00e1 comunicada debidamente a los afectados especificando la identidad de los cesionarios y la finalidad con que se van a tratar los datos que se cedan<\/li>\n<\/ul>\n<p>Podr\u00e1 ejercer sus derechos de Acceso, Rectificaci\u00f3n, Cancelaci\u00f3n y Oposici\u00f3n ante AGRICULTURA Y ENSAYO, S.L., en Urbanizaci\u00f3n El Eucaliptal Calle Cordialidad, 9 en ALCALA DE GUADAIRA 41.500 ALCALA DE GUADAIRA (Sevilla), o en la direcci\u00f3n de correo electr\u00f3nico nrodriguez@agriculturayensayo.com, acompa\u00f1ando copia de su DNI, PASAPORTE O TARJETA DE RESIDENCIA.<\/p>\n<p>\u00a0<\/p>\n<\/li>\n<\/ul>\n<p><!--\/themify_builder_static--><\/p>\n","protected":false},"excerpt":{"rendered":"<p>About usAnd our partnerships in Europe Agricultura y Ensayo\u00a0is an agricultural services company dedicated mainly to activities related to the Research and Development (R+D) of agrochemicals products. Established in 1997, AYE is manned by highly qualified personnel with broad experience. AYE operates all over the Spanish and Portuguese geography. The head office is located in [&hellip;]<\/p>\n","protected":false},"author":3,"featured_media":0,"parent":0,"menu_order":0,"comment_status":"closed","ping_status":"closed","template":"","meta":[],"yoast_head":"<!-- This site is optimized with the Yoast SEO plugin v14.5 - https:\/\/yoast.com\/wordpress\/plugins\/seo\/ -->\n<title>Our Company | Agricultura y Ensayo<\/title>\n<meta name=\"robots\" content=\"index, follow\" \/>\n<meta name=\"googlebot\" content=\"index, follow, max-snippet:-1, max-image-preview:large, max-video-preview:-1\" \/>\n<meta name=\"bingbot\" content=\"index, follow, max-snippet:-1, max-image-preview:large, max-video-preview:-1\" \/>\n<link rel=\"canonical\" href=\"https:\/\/www.agriculturayensayo.com\/ayewebpage\/our-company\/\" \/>\n<meta property=\"og:locale\" content=\"en_US\" \/>\n<meta property=\"og:type\" content=\"article\" \/>\n<meta property=\"og:title\" content=\"Our Company | Agricultura y Ensayo\" \/>\n<meta property=\"og:description\" content=\"About usAnd our partnerships in Europe Agricultura y Ensayo\u00a0is an agricultural services company dedicated mainly to activities related to the Research and Development (R+D) of agrochemicals products. Established in 1997, AYE is manned by highly qualified personnel with broad experience. AYE operates all over the Spanish and Portuguese geography. The head office is located in [&hellip;]\" \/>\n<meta property=\"og:url\" content=\"https:\/\/www.agriculturayensayo.com\/ayewebpage\/our-company\/\" \/>\n<meta property=\"og:site_name\" content=\"Agricultura y Ensayo\" \/>\n<meta property=\"article:publisher\" content=\"https:\/\/www.facebook.com\/AgriculturayEnsayo\/\" \/>\n<meta property=\"article:modified_time\" content=\"2017-12-06T22:47:52+00:00\" \/>\n<meta property=\"og:image\" content=\"http:\/\/agriculturayensayo.com\/ayewebpage\/wp-content\/uploads\/2017\/12\/agricultura-y-ensayo.png\" \/>\n<meta name=\"twitter:card\" content=\"summary_large_image\" \/>\n<script type=\"application\/ld+json\" class=\"yoast-schema-graph\">{\"@context\":\"https:\/\/schema.org\",\"@graph\":[{\"@type\":\"WebSite\",\"@id\":\"https:\/\/www.agriculturayensayo.com\/ayewebpage\/#website\",\"url\":\"https:\/\/www.agriculturayensayo.com\/ayewebpage\/\",\"name\":\"Agricultura y Ensayo\",\"description\":\"Research and Development (R+D) of agrochemical products\",\"potentialAction\":[{\"@type\":\"SearchAction\",\"target\":\"https:\/\/www.agriculturayensayo.com\/ayewebpage\/?s={search_term_string}\",\"query-input\":\"required name=search_term_string\"}],\"inLanguage\":\"en-US\"},{\"@type\":\"ImageObject\",\"@id\":\"https:\/\/www.agriculturayensayo.com\/ayewebpage\/our-company\/#primaryimage\",\"inLanguage\":\"en-US\",\"url\":\"http:\/\/agriculturayensayo.com\/ayewebpage\/wp-content\/uploads\/2017\/12\/agricultura-y-ensayo.png\"},{\"@type\":\"WebPage\",\"@id\":\"https:\/\/www.agriculturayensayo.com\/ayewebpage\/our-company\/#webpage\",\"url\":\"https:\/\/www.agriculturayensayo.com\/ayewebpage\/our-company\/\",\"name\":\"Our Company | Agricultura y Ensayo\",\"isPartOf\":{\"@id\":\"https:\/\/www.agriculturayensayo.com\/ayewebpage\/#website\"},\"primaryImageOfPage\":{\"@id\":\"https:\/\/www.agriculturayensayo.com\/ayewebpage\/our-company\/#primaryimage\"},\"datePublished\":\"2017-12-06T19:35:07+00:00\",\"dateModified\":\"2017-12-06T22:47:52+00:00\",\"inLanguage\":\"en-US\",\"potentialAction\":[{\"@type\":\"ReadAction\",\"target\":[\"https:\/\/www.agriculturayensayo.com\/ayewebpage\/our-company\/\"]}]}]}<\/script>\n<!-- \/ Yoast SEO plugin. -->","_links":{"self":[{"href":"https:\/\/www.agriculturayensayo.com\/ayewebpage\/wp-json\/wp\/v2\/pages\/829"}],"collection":[{"href":"https:\/\/www.agriculturayensayo.com\/ayewebpage\/wp-json\/wp\/v2\/pages"}],"about":[{"href":"https:\/\/www.agriculturayensayo.com\/ayewebpage\/wp-json\/wp\/v2\/types\/page"}],"author":[{"embeddable":true,"href":"https:\/\/www.agriculturayensayo.com\/ayewebpage\/wp-json\/wp\/v2\/users\/3"}],"replies":[{"embeddable":true,"href":"https:\/\/www.agriculturayensayo.com\/ayewebpage\/wp-json\/wp\/v2\/comments?post=829"}],"version-history":[{"count":71,"href":"https:\/\/www.agriculturayensayo.com\/ayewebpage\/wp-json\/wp\/v2\/pages\/829\/revisions"}],"predecessor-version":[{"id":929,"href":"https:\/\/www.agriculturayensayo.com\/ayewebpage\/wp-json\/wp\/v2\/pages\/829\/revisions\/929"}],"wp:attachment":[{"href":"https:\/\/www.agriculturayensayo.com\/ayewebpage\/wp-json\/wp\/v2\/media?parent=829"}],"curies":[{"name":"wp","href":"https:\/\/api.w.org\/{rel}","templated":true}]}}